{"id":3410,"date":"2021-05-11T09:27:14","date_gmt":"2021-05-11T08:27:14","guid":{"rendered":"http:\/\/www.f2f2d.eu\/site\/the-project\/"},"modified":"2022-09-02T11:01:38","modified_gmt":"2022-09-02T10:01:38","slug":"the-project","status":"publish","type":"page","link":"https:\/\/www.f2f2d.eu\/site\/cs\/the-project\/","title":{"rendered":"O projektu"},"content":{"rendered":"<p>[vc_row][vc_column][vc_column_text][\/vc_column_text][\/vc_column][\/vc_row][vc_row el_class=&#8220;mg-bottom-40&#8243;][vc_column]            <div class=\"heading color-dark text-center \" >\n                                    <span class=\"s-color\"><i class=\"fa fa-star\"><\/i><\/span>\n                                                <h2 class=\"heading-color fs-38\">\n                    Projekt 'F2F2D and back'                <\/h2>\n                            <\/div>\n            [vc_column_text css=&#8220;.vc_custom_1627030374818{margin-top: 10px !important;margin-right: 80px !important;margin-left: 80px !important;}&#8220;]<\/p>\r\n<p style=\"text-align: center;\"><strong><a href=\"https:\/\/www.eacea.ec.europa.eu\/grants_en\">Erasmus+ Programme<\/a><\/strong><strong> \u2013 <\/strong><em>Strategic Partnerships for adult education<\/em><br \/>\u010c\u00edslo projektu: 2020-1-DE02-KA204-007590<br \/><strong><em>Projekt potrv\u00e1 24 m\u011bs\u00edc\u016f<\/em><\/strong><br \/><em>(zah\u00e1jen 1. 12. 2020, pl\u00e1novan\u00e9 ukon\u010den\u00ed 30. 11. 2022) <\/em><\/p>\r\n<p>&nbsp;<\/p>\r\n<p>[\/vc_column_text][vc_column_text css=&#8220;.vc_custom_1627030519239{margin-right: 80px !important;margin-left: 80px !important;}&#8220;]<\/p>\r\n<p>Projekt \u201e<strong>F2F2D and back<\/strong>\u201c reaguje p\u0159\u00edmo na novou bezpe\u010dnostn\u00ed situaci, kter\u00e1 se objevila v Evrop\u011b a dal\u0161\u00edch \u010d\u00e1stech sv\u011bta v d\u016fsledku rychl\u00e9ho \u0161\u00ed\u0159en\u00ed choroby COVID-19.<br \/>Neb\u00fdval\u00e1 situace, kdy byl a je v\u00fdznamn\u011b omezen pohyb a kontakt s jin\u00fdmi lidmi. Vzd\u011bl\u00e1vac\u00ed instituce zav\u0159ely br\u00e1ny p\u0159ed sv\u00fdmi studenty a sou\u010dasn\u011b jim musely rychle poskytnout online alternativu k prezen\u010dn\u00ed v\u00fduce.<\/p>\r\n<p><img loading=\"lazy\" class=\"size-full wp-image-2856 alignleft\" src=\"http:\/\/www.f2f2d.eu\/site\/wp-content\/uploads\/2021\/05\/h3-icon-3.png\" alt=\"\" width=\"53\" height=\"54\" \/>Online vzd\u011bl\u00e1v\u00e1n\u00ed je v sou\u010dasnosti velmi \u010dasto se vyskytuj\u00edc\u00edm pojmem. P\u0159esto\u017ee online v\u00fduka je nyn\u00ed v\u0161udyp\u0159\u00edtomn\u00e1, pro studenty i u\u010ditele \u010dasto nen\u00ed efektivn\u00ed a uspokojuj\u00edc\u00ed. V online prostoru jsou k dispozici des\u00edtky platforem a n\u00e1stroj\u016f, ale pro lektory nen\u00ed snadn\u00e9 rychle a efektivn\u011b si vybrat z nevy\u010derpateln\u00fdch mo\u017enost\u00ed a p\u0159izp\u016fsobit je r\u016fzn\u00fdm kurz\u016fm.<\/p>\r\n<blockquote>\r\n<p>Projekt \u201cF2F2D (Face to Face to Distance) and back\u201d chce v budoucnu usnadnit p\u0159echod k online v\u00fduce jazykov\u00fdch kurz\u016f.<\/p>\r\n<\/blockquote>\r\n<p>&nbsp;<\/p>\r\n<p>[\/vc_column_text][\/vc_column][\/vc_row][vc_row layout=&#8220;container&#8220; el_class=&#8220;mg-bottom-60&#8243;][vc_column width=&#8220;1\/3&#8243;]\t\t\t<div class=\"iconbox style6 color-dark pd-bottom-60\" >\n                <div>\n                                                <i style=\"color: #5d3273\" class=\"fas fa-globe\"><\/i>\n                                        <\/div>\n                                <a class=\"p-font heading-color\" title=\"O N\u00c1S\" target=\"_self\" href=\"#\">O N\u00c1S<\/a>\n                                <p>Jak efektivn\u011b p\u0159ev\u00e9st prezen\u010dn\u00ed jazykov\u00e9 kurzy do online \/ distan\u010dn\u00ed formy v kr\u00e1tk\u00e9 dob\u011b (F2F2D).<\/p>\n                \t\t\t<\/div>\n            \t\t\t<div class=\"iconbox style6 color-dark pd-bottom-60\" >\n                <div>\n                                                <i style=\"color: #bf2171\" class=\"fa fa-thumbs-o-up\"><\/i>\n                                        <\/div>\n                                <a class=\"p-font heading-color\" title=\"P\u0158\u00cd\u010cINY\" target=\"_self\" href=\"#\">P\u0158\u00cd\u010cINY<\/a>\n                                <p>Rychlost a jednoduchost jsou kl\u00ed\u010dov\u00e9 faktory p\u0159i prov\u00e1d\u011bn\u00ed zm\u011bny ve v\u00fduce. Projekt \u201eF2F2D a zp\u011bt\u201c chce p\u0159isp\u011bt k \u00faspo\u0159e \u010dasu a pr\u00e1ce v\u0161ech vzd\u011bl\u00e1vac\u00edch instituc\u00ed, kter\u00e9 nebudou moci pokra\u010dovat ve vzd\u011bl\u00e1vac\u00edch procesech tradi\u010dn\u00edm zp\u016fsobem.<\/p>\n                \t\t\t<\/div>\n            [\/vc_column][vc_column width=&#8220;1\/3&#8243;][vc_single_image image=&#8220;361&#8243; img_size=&#8220;372&#215;354&#8243; alignment=&#8220;center&#8220;][\/vc_column][vc_column width=&#8220;1\/3&#8243;]\t\t\t<div class=\"iconbox style5 color-dark pd-bottom-60\" >\n                <div>\n                                                <i style=\"color: #bf2171\" class=\"fas fa-bullseye\"><\/i>\n                                        <\/div>\n                                <a class=\"p-font heading-color\" title=\"N\u00c1\u0160 C\u00cdL\" target=\"_self\" href=\"#\">N\u00c1\u0160 C\u00cdL<\/a>\n                                <p>C\u00edlem projektu je vyvinout koncep\u010dn\u00ed r\u00e1mec pro transformaci r\u016fzn\u00fdch typ\u016f jazykov\u00fdch kurz\u016f do vhodn\u00e9 online \/ distan\u010dn\u00ed formy. Projekt \u201eF2F2D a zp\u011bt\u201c chce p\u0159isp\u011bt k \u00faspo\u0159e \u010dasu a pr\u00e1ce v\u0161ech vzd\u011bl\u00e1vac\u00edch instituc\u00ed.<\/p>\n                \t\t\t<\/div>\n            \t\t\t<div class=\"iconbox style5 color-dark pd-bottom-60\" >\n                <div>\n                                                <i style=\"color: #ed8d37\" class=\"fa fa-laptop\"><\/i>\n                                        <\/div>\n                                <a class=\"p-font heading-color\" title=\"NA\u0160E STRATEGIE\" target=\"_self\" href=\"#\">NA\u0160E STRATEGIE<\/a>\n                                <p>Hlavn\u00ed my\u0161lenkou projektu `` F2F2D a zp\u011bt`` je vyvinout efektivn\u00ed metodu pro online v\u00fduku.<\/p>\n                \t\t\t<\/div>\n            [\/vc_column][\/vc_row][vc_row equal_height=&#8220;yes&#8220; el_class=&#8220;vc_row-no-padding&#8220; css=&#8220;.vc_custom_1622227659402{margin-bottom: 100px !important;}&#8220;][vc_column width=&#8220;1\/6&#8243;][\/vc_column][vc_column width=&#8220;2\/6&#8243;][vc_row_inner el_class=&#8220;icon-same-height&#8220;][vc_column_inner css=&#8220;.vc_custom_1622227034711{padding-right: 10px !important;background-color: #2fa7cb !important;}&#8220;]\t\t\t<div class=\"iconbox style2 color-light \" >\n                <div style=\"background-color: #ffbc33; color:#ffbc33\">\n                                                <i class=\"fa fa-area-chart\"><\/i>\n                                        <\/div>\n                                <a class=\"p-font heading-color\" title=\"NA\u0160\u00cd SILNOU STR\u00c1NKOU\" target=\"_self\" href=\"#\">NA\u0160\u00cd SILNOU STR\u00c1NKOU<\/a>\n                                <p>je konsorcium 6 partner\u016f z N\u011bmecka, \u010cesk\u00e9 republiky, It\u00e1lie, Polska a Bulharska.<\/p>\n                \t\t\t<\/div>\n            [\/vc_column_inner][vc_column_inner css=&#8220;.vc_custom_1622227029272{padding-right: 10px !important;background-color: #2fa7cb !important;}&#8220;]\t\t\t<div class=\"iconbox style2 color-light \" >\n                <div style=\"background-color: #ffbc33; color:#ffbc33\">\n                                                <i class=\"fa fa-trophy\"><\/i>\n                                        <\/div>\n                                <a class=\"p-font heading-color\" title=\"V\u00ddSTUPY PROJEKTU\" target=\"_self\" href=\"#\">V\u00ddSTUPY PROJEKTU<\/a>\n                                <p>\u2022 Komplexn\u00ed p\u0159ehled typ\u016f jazykov\u00fdch kurz\u016f a jejich p\u0159enosu do online \/ distan\u010dn\u00ed formy<br \/>\u2022 Pr\u016fvodce dostupn\u00fdmi n\u00e1stroji a metodami p\u0159enosu pro u\u010ditele<br \/>\u2022 Manu\u00e1l pro p\u0159evod kurz\u016f krok za krokem<br \/>\u2022 N\u00e1stroje hodnocen\u00ed na d\u00e1lku a sebehodnocen\u00ed pro studenty, u\u010ditele a organiz\u00e1tory kurz\u016f<br \/>\u2022 Pr\u016fvodce pro organiz\u00e1tory kurz\u016f a \u0161kolitele u\u010ditel\u016f<\/p>\n                \t\t\t<\/div>\n            [\/vc_column_inner][vc_column_inner css=&#8220;.vc_custom_1622227041727{padding-right: 10px !important;background-color: #2fa7cb !important;}&#8220;]\t\t\t<div class=\"iconbox style2 color-light \" >\n                <div style=\"background-color: #ffbc33; color:#ffbc33\">\n                                                <i class=\"fa fa-key\"><\/i>\n                                        <\/div>\n                                <a class=\"p-font heading-color\" title=\"C\u00cdLOV\u00c9 SKUPINY\" target=\"_self\" href=\"#\">C\u00cdLOV\u00c9 SKUPINY<\/a>\n                                <p>studenti a u\u010ditel\u00e9, facilit\u00e1to\u0159i jazykov\u00fdch kurz\u016f, z\u00fa\u010dastn\u011bn\u00e9 strany, neziskov\u00e9 organizace, region\u00e1ln\u00ed a st\u00e1tn\u00ed org\u00e1ny a tv\u016frci politik v oblasti vzd\u011bl\u00e1v\u00e1n\u00ed<\/p>\n                \t\t\t<\/div>\n            [\/vc_column_inner][\/vc_row_inner][\/vc_column][vc_column width=&#8220;2\/6&#8243;][vc_empty_space height=&#8220;670px&#8220; css=&#8220;.vc_custom_1621513858517{background-image: url(http:\/\/www.f2f2d.eu\/site\/wp-content\/uploads\/2021\/01\/background-4.jpg?id=867) !important;background-position: center !important;background-repeat: no-repeat !important;background-size: cover !important;}&#8220;][\/vc_column][vc_column width=&#8220;1\/6&#8243;][\/vc_column][\/vc_row][vc_row el_class=&#8220;mg-bottom-120&#8243;][vc_column][vc_column_text]<\/p>\r\n<p>[\/vc_column_text][\/vc_column][\/vc_row]<\/p>","protected":false},"excerpt":{"rendered":"<p>[vc_row][vc_column][vc_column_text][\/vc_column_text][\/vc_column][\/vc_row][vc_row el_class=&#8220;mg-bottom-40&#8243;][vc_column][vc_column_text css=&#8220;.vc_custom_1627030374818{margin-top: 10px !important;margin-right: 80px !important;margin-left: 80px !important;}&#8220;] Erasmus+ Programme \u2013 Strategic Partnerships for adult education\u010c\u00edslo projektu: 2020-1-DE02-KA204-007590Projekt potrv\u00e1 24 m\u011bs\u00edc\u016f(zah\u00e1jen 1. 12. 2020, pl\u00e1novan\u00e9 ukon\u010den\u00ed 30. 11. 2022) &nbsp; [\/vc_column_text][vc_column_text css=&#8220;.vc_custom_1627030519239{margin-right: 80px !important;margin-left: 80px !important;}&#8220;] Projekt \u201eF2F2D and back\u201c reaguje p\u0159\u00edmo na novou bezpe\u010dnostn\u00ed situaci, kter\u00e1 se objevila v Evrop\u011b a dal\u0161\u00edch \u010d\u00e1stech [&hellip;]<\/p>\n","protected":false},"author":1,"featured_media":0,"parent":0,"menu_order":0,"comment_status":"closed","ping_status":"closed","template":"","meta":[],"_links":{"self":[{"href":"https:\/\/www.f2f2d.eu\/site\/cs\/wp-json\/wp\/v2\/pages\/3410"}],"collection":[{"href":"https:\/\/www.f2f2d.eu\/site\/cs\/wp-json\/wp\/v2\/pages"}],"about":[{"href":"https:\/\/www.f2f2d.eu\/site\/cs\/wp-json\/wp\/v2\/types\/page"}],"author":[{"embeddable":true,"href":"https:\/\/www.f2f2d.eu\/site\/cs\/wp-json\/wp\/v2\/users\/1"}],"replies":[{"embeddable":true,"href":"https:\/\/www.f2f2d.eu\/site\/cs\/wp-json\/wp\/v2\/comments?post=3410"}],"version-history":[{"count":5,"href":"https:\/\/www.f2f2d.eu\/site\/cs\/wp-json\/wp\/v2\/pages\/3410\/revisions"}],"predecessor-version":[{"id":4008,"href":"https:\/\/www.f2f2d.eu\/site\/cs\/wp-json\/wp\/v2\/pages\/3410\/revisions\/4008"}],"wp:attachment":[{"href":"https:\/\/www.f2f2d.eu\/site\/cs\/wp-json\/wp\/v2\/media?parent=3410"}],"curies":[{"name":"wp","href":"https:\/\/api.w.org\/{rel}","templated":true}]}}