{"id":3416,"date":"2021-05-28T15:43:24","date_gmt":"2021-05-28T14:43:24","guid":{"rendered":"http:\/\/www.f2f2d.eu\/site\/intellectual-outputs\/"},"modified":"2022-11-22T17:17:35","modified_gmt":"2022-11-22T16:17:35","slug":"intellectual-outputs","status":"publish","type":"page","link":"https:\/\/www.f2f2d.eu\/site\/cs\/intellectual-outputs\/","title":{"rendered":"V\u00ddSTUPY PROJEKTU"},"content":{"rendered":"<p>[vc_row][vc_column]            <div class=\"heading color-dark text-center mg-bottom-60\" >\n                                    <span class=\"s-color\"><i class=\"fa fa-star\"><\/i><\/span>\n                                                <h2 class=\"heading-color fs-38\">\n                    V\u00fdstupy projektu                <\/h2>\n                                <p class=\"fs-14\">\n                    V nadch\u00e1zej\u00edc\u00edch m\u011bs\u00edc\u00edch budou vytvo\u0159eny n\u00e1sleduj\u00edc\u00ed intelektu\u00e1ln\u00ed v\u00fdstupy a budou zcela zdarma ke sta\u017een\u00ed na tomto webu:                <\/p>\n                            <\/div>\n            [\/vc_column][\/vc_row][vc_row css=&#8220;.vc_custom_1648994458234{margin-top: 10px !important;margin-bottom: 20px !important;}&#8220;][vc_column][vc_message]<\/p>\n<h3><strong>V\u00fdsledky projektu \u201eF2F2D\u201c. Vyberte si pros\u00edm ten, kter\u00fd se nejv\u00edce bl\u00ed\u017e\u00ed va\u0161im pot\u0159eb\u00e1m.<\/strong><\/h3>\n<p>[\/vc_message][\/vc_column][\/vc_row][vc_row][vc_column][vc_column_text][caf_filter id=&#8217;4247&#8242;][\/vc_column_text][\/vc_column][\/vc_row][vc_row css=&#8220;.vc_custom_1648991508641{margin-top: 30px !important;margin-bottom: 10px !important;}&#8220;][vc_column][vc_separator color=&#8220;custom&#8220; border_width=&#8220;5&#8243; accent_color=&#8220;#ffbd32&#8243;][\/vc_column][\/vc_row][vc_row css=&#8220;.vc_custom_1622214373878{margin-bottom: 100px !important;}&#8220;][vc_column][vc_column_text el_class=&#8220;mg-bottom-15&#8243;]<\/p>\n<blockquote><p>KOMPLEXN\u00cd P\u0158EHLED TYP\u016e JAZYKOV\u00ddCH KURZ\u016e A JEJICH P\u0158ENOSU DO ONLINE \/ DISTAN\u010cN\u00cd FORMY (IO1)<\/p><\/blockquote>\n<p>Vypracovan\u00e1 studie bude mapou shrnuj\u00edc\u00ed kl\u00ed\u010dov\u00e9 rysy nejb\u011b\u017en\u011bj\u0161\u00edch jazykov\u00fdch kurz\u016f seskupen\u00fdch modul\u00e1rn\u00edm zp\u016fsobem tak, aby bylo mo\u017en\u00e9 s nimi zach\u00e1zet samostatn\u011b a vz\u00e1jemn\u011b je kombinovat, spolu s mapou nejb\u011b\u017en\u011bj\u0161\u00edch a specifick\u00fdch pot\u0159eb student\u016f a u\u010ditel\u016f, p\u0159ek\u00e1\u017eek, n\u00e1vyk\u016f a chov\u00e1n\u00ed c\u00edlov\u00fdch skupin v perspektiv\u011b p\u0159em\u011bny prezen\u010dn\u00edch jazykov\u00fdch kurz\u016f na online kurzy.[\/vc_column_text][vc_column_text el_class=&#8220;mg-bottom-15&#8243;]<\/p>\n<blockquote><p>Pr\u016fvodce dostupn\u00fdmi n\u00e1stroji a metodami p\u0159enosu pro u\u010ditele (IO2)<\/p><\/blockquote>\n<p>C\u00edlem Pr\u016fvodce dostupn\u00fdmi n\u00e1stroji a metodami p\u0159enosu je vybavit u\u010ditele ciz\u00edch jazyk\u016f podrobn\u00fdm p\u0159ehledem r\u016fzn\u00fdch komunika\u010dn\u00edch kan\u00e1l\u016f a online \u00falo\u017ei\u0161\u0165, a tak je p\u0159ipravit na rychl\u00fd p\u0159enos jejich kurz\u016f do digit\u00e1ln\u00ed formy za mimo\u0159\u00e1dn\u00e9 situace, kdy nebude mo\u017en\u00e9 pokra\u010dovat ve standardn\u00ed form\u011b v\u00fduky.[\/vc_column_text][vc_column_text el_class=&#8220;mg-bottom-15&#8243;]<\/p>\n<blockquote><p>Manu\u00e1l pro p\u0159evod kurz\u016f krok za krokem (IO3)<\/p><\/blockquote>\n<p>V tomto v\u00fdstupu konsorcium p\u0159iprav\u00ed metodick\u00e9ho pr\u016fvodce, jak v p\u0159\u00edpad\u011b pot\u0159eby p\u0159ev\u00e9st kurz do online \/ distan\u010dn\u00ed formy tak, aby \u00farove\u0148 u\u010den\u00ed a podpory z\u016fstala zhruba stejn\u00e1 a studenti s u\u010ditelem p\u0159\u00edli\u0161 neztratili \u010das ve vzd\u011bl\u00e1vac\u00edm procesu. Podrobn\u00fd pr\u016fvodce p\u0159esn\u011b pop\u00ed\u0161e, jak p\u0159ev\u00e1d\u011bt konkr\u00e9tn\u00ed typy kurz\u016f.[\/vc_column_text][vc_column_text el_class=&#8220;mg-bottom-15&#8243;]<\/p>\n<blockquote><p>N\u00e1stroje hodnocen\u00ed na d\u00e1lku a sebehodnocen\u00ed pro studenty, u\u010ditele a organiz\u00e1tory kurz\u016f (IO4)<\/p><\/blockquote>\n<p>Tento v\u00fdstup bude \u0159e\u0161it, jak kontrolovat kvalitu procesu u\u010den\u00ed na stran\u011b u\u010ditel\u016f, student\u016f i z\u00e1kazn\u00edk\u016f, stejn\u011b jako hladkou organizaci online \/ distan\u010dn\u00edho kurzu, tedy tak\u00e9 na stran\u011b poskytovatele vzd\u011bl\u00e1v\u00e1n\u00ed. Hodnocen\u00ed vzd\u011bl\u00e1vac\u00edch aktivit je z\u00e1sadn\u00ed jak pro samostudium, tak pro online kurzy.[\/vc_column_text][vc_column_text el_class=&#8220;mg-bottom-15&#8243;]<\/p>\n<blockquote><p>Pr\u016fvodce pro organiz\u00e1tory kurz\u016f a \u0161kolitele u\u010ditel\u016f (IO6)<\/p><\/blockquote>\n<p>C\u00edlem Pr\u016fvodce pro organiz\u00e1tory kurz\u016f a u\u010ditele a \u0161kolitele u\u010ditel\u016f je poskytnout spole\u010dnostem, \u0161kol\u00e1m, univerzit\u00e1m, centr\u016fm jazykov\u00e9ho vzd\u011bl\u00e1v\u00e1n\u00ed, nevl\u00e1dn\u00edm organizac\u00edm a dal\u0161\u00edm u\u017eivatel\u016fm metodick\u00fd n\u00e1stroj popisuj\u00edc\u00ed, jak p\u0159edstavit a vysv\u011btlit architekturu n\u00e1stroj\u016f F2F2D t\u011bm, kte\u0159\u00ed se je chystaj\u00ed pou\u017e\u00edvat (u\u010ditel\u00e9 jazyk\u016f a lekto\u0159i).<br \/>\nPr\u016fvodce bude obsahovat d\u016fkladn\u00fd popis ka\u017ed\u00e9ho z v\u00fdstup\u016f a jeho vztahu k ostatn\u00edm a &#8211; mimo jin\u00e9 &#8211; podrobn\u00e9 vysv\u011btlen\u00ed, jak pomoc\u00ed t\u00e9to matice n\u00e1stroj\u016f vytvo\u0159it podp\u016frn\u00e9 materi\u00e1ly pro online \/ distan\u010dn\u00ed vzd\u011bl\u00e1v\u00e1n\u00ed pro konkr\u00e9tn\u00ed jazykov\u00fd kurz.[\/vc_column_text][\/vc_column][\/vc_row][vc_row][vc_column][vc_hoverbox image=&#8220;2831&#8243; primary_title=&#8220;V\u00fdstupy a produkty projektu budou publikov\u00e1ny pod licenc\u00ed Creative Commons&#8220; primary_title_font_container=&#8220;font_size:29px|color:%23ffffff|line_height:39px&#8220; primary_title_google_fonts=&#8220;font_family:Oswald%3A300%2Cregular%2C700|font_style:700%20bold%20regular%3A700%3Anormal&#8220; hover_title=&#8220;V\u00fdstupy a produkty projektu budou publikov\u00e1ny pod licenc\u00ed Creative Commons&#8220; el_width=&#8220;90&#8243; use_custom_fonts_primary_title=&#8220;true&#8220; el_class=&#8220;mg-bottom-120&#8243;]<\/p>\n<p style=\"text-align: center;\"><a href=\"https:\/\/creativecommons.org\/licenses\/by-sa\/4.0\/deed.cs\" target=\"_blank\" rel=\"noopener\"><img loading=\"lazy\" class=\"alignleft wp-image-3653 size-full\" src=\"http:\/\/www.f2f2d.eu\/site\/wp-content\/uploads\/2021\/10\/Logo_CC_CZ.jpg\" alt=\"\" width=\"300\" height=\"126\" \/><\/a><\/p>\n<p style=\"text-align: center;\"><a href=\"https:\/\/creativecommons.org\/licenses\/by-sa\/4.0\/deed.cs\">Uve\u010fte p\u016fvod-Zachovejte licenci 4.0 Mezin\u00e1rodn\u00ed (CC BY-SA 4.0) <\/a><\/p>\n<p>Tato licence umo\u017e\u0148uje ostatn\u00edm nekomer\u010dn\u011b remixovat, vylep\u0161ovat a stav\u011bt na va\u0161\u00ed pr\u00e1ci. Krom\u011b toho musej\u00ed b\u00fdt jasn\u011b uveden\u00ed auto\u0159i dokument\u016f a v\u0161ech p\u0159\u00edslu\u0161n\u00fdch \u010d\u00e1st\u00ed.<\/p>\n<p style=\"text-align: center;\">.<\/p>\n<p>[\/vc_hoverbox][\/vc_column][\/vc_row]<\/p>\n","protected":false},"excerpt":{"rendered":"<p>[vc_row][vc_column][\/vc_column][\/vc_row][vc_row css=&#8220;.vc_custom_1648994458234{margin-top: 10px !important;margin-bottom: 20px !important;}&#8220;][vc_column][vc_message] V\u00fdsledky projektu \u201eF2F2D\u201c. Vyberte si pros\u00edm ten, kter\u00fd se nejv\u00edce bl\u00ed\u017e\u00ed va\u0161im pot\u0159eb\u00e1m. [\/vc_message][\/vc_column][\/vc_row][vc_row][vc_column][vc_column_text][caf_filter id=&#8217;4247&#8242;][\/vc_column_text][\/vc_column][\/vc_row][vc_row css=&#8220;.vc_custom_1648991508641{margin-top: 30px !important;margin-bottom: 10px !important;}&#8220;][vc_column][vc_separator color=&#8220;custom&#8220; border_width=&#8220;5&#8243; accent_color=&#8220;#ffbd32&#8243;][\/vc_column][\/vc_row][vc_row css=&#8220;.vc_custom_1622214373878{margin-bottom: 100px !important;}&#8220;][vc_column][vc_column_text el_class=&#8220;mg-bottom-15&#8243;] KOMPLEXN\u00cd P\u0158EHLED TYP\u016e JAZYKOV\u00ddCH KURZ\u016e A JEJICH P\u0158ENOSU DO ONLINE \/ DISTAN\u010cN\u00cd FORMY (IO1) Vypracovan\u00e1 studie bude mapou shrnuj\u00edc\u00ed kl\u00ed\u010dov\u00e9 rysy nejb\u011b\u017en\u011bj\u0161\u00edch [&hellip;]<\/p>\n","protected":false},"author":1,"featured_media":0,"parent":0,"menu_order":0,"comment_status":"closed","ping_status":"open","template":"","meta":[],"_links":{"self":[{"href":"https:\/\/www.f2f2d.eu\/site\/cs\/wp-json\/wp\/v2\/pages\/3416"}],"collection":[{"href":"https:\/\/www.f2f2d.eu\/site\/cs\/wp-json\/wp\/v2\/pages"}],"about":[{"href":"https:\/\/www.f2f2d.eu\/site\/cs\/wp-json\/wp\/v2\/types\/page"}],"author":[{"embeddable":true,"href":"https:\/\/www.f2f2d.eu\/site\/cs\/wp-json\/wp\/v2\/users\/1"}],"replies":[{"embeddable":true,"href":"https:\/\/www.f2f2d.eu\/site\/cs\/wp-json\/wp\/v2\/comments?post=3416"}],"version-history":[{"count":5,"href":"https:\/\/www.f2f2d.eu\/site\/cs\/wp-json\/wp\/v2\/pages\/3416\/revisions"}],"predecessor-version":[{"id":4248,"href":"https:\/\/www.f2f2d.eu\/site\/cs\/wp-json\/wp\/v2\/pages\/3416\/revisions\/4248"}],"wp:attachment":[{"href":"https:\/\/www.f2f2d.eu\/site\/cs\/wp-json\/wp\/v2\/media?parent=3416"}],"curies":[{"name":"wp","href":"https:\/\/api.w.org\/{rel}","templated":true}]}}