{"id":3422,"date":"2021-01-16T12:37:10","date_gmt":"2021-01-16T12:37:10","guid":{"rendered":"http:\/\/www.f2f2d.eu\/site\/privacy-policy\/"},"modified":"2021-07-23T12:41:03","modified_gmt":"2021-07-23T11:41:03","slug":"privacy-policy","status":"publish","type":"page","link":"https:\/\/www.f2f2d.eu\/site\/cs\/privacy-policy\/","title":{"rendered":"OCHRANA SOUKROM\u00cd"},"content":{"rendered":"<p>[vc_row el_class=&#8220;mg-bottom-60&#8243;][vc_column][vc_column_text]<\/p>\r\n<h2>KDO JSME<\/h2>\r\n<p>Projekt je \u0159e\u0161en konsorciem 6 partner\u016f z N\u011bmecka, \u010cesk\u00e9 republiky, It\u00e1lie, Polska a Bulharska.<br \/><\/p>\r\n<p>V souladu s ustanoven\u00edmi na\u0159\u00edzen\u00ed (EU) 2016\/679 (d\u00e1le jen \u201eGDPR\u201c) ve zn\u011bn\u00ed italsk\u00e9ho legislativn\u00edho na\u0159\u00edzen\u00ed (D.Lgs.) \u010c. 101\/2018 v\u00e1s budeme informovat o \u00fa\u010delech a metod\u00e1ch zpracov\u00e1n\u00ed osobn\u00edch \u00fadaj\u016f z\u00edskan\u00fdch b\u011bhem va\u0161\u00ed interakce s webem www.f2f2d.eu jednodu\u0161e prostudov\u00e1n\u00edm webu a \/ nebo vyu\u017eit\u00edm konkr\u00e9tn\u00edch slu\u017eeb poskytovan\u00fdch u\u017eivateli \/ n\u00e1v\u0161t\u011bvn\u00edkovi prost\u0159ednictv\u00edm samotn\u00e9ho webu.<br \/>\u00dadaje shrom\u00e1\u017ed\u011bn\u00e9 na tomto webu zpracov\u00e1v\u00e1 provozovatel webov\u00fdch str\u00e1nek: Associazione Innovamentis (It\u00e1lie). Kontaktn\u00ed \u00fadaje provozovatele najdete na partnersk\u00e9 str\u00e1nce webu.<\/p>\r\n<h2>JAK\u00c1 OSOBN\u00cd DATA SB\u00cdR\u00c1ME A PRO\u010c<\/h2>\r\n<p>N\u011bkter\u00e9 \u00fadaje jsou shroma\u017e\u010fov\u00e1ny, kdy\u017e n\u00e1m je poskytnete. Mohou to b\u00fdt nap\u0159\u00edklad data, kter\u00e1 zad\u00e1te v kontaktn\u00edm formul\u00e1\u0159i (v\u00e1\u0161 e-mail). Dal\u0161\u00ed \u00fadaje shroma\u017e\u010fuj\u00ed na\u0161e syst\u00e9my IT automaticky p\u0159i n\u00e1v\u0161t\u011bv\u011b webov\u00fdch str\u00e1nek. Tyto \u00fadaje jsou prim\u00e1rn\u011b technick\u00e9 \u00fadaje, jako je prohl\u00ed\u017ee\u010d a opera\u010dn\u00ed syst\u00e9m, kter\u00fd pou\u017e\u00edv\u00e1te, nebo \u010das p\u0159\u00edstupu na str\u00e1nku. Tyto \u00fadaje se shroma\u017e\u010fuj\u00ed automaticky, jakmile vstoup\u00edte na n\u00e1\u0161 web.<\/p>\r\n<h3>KONTAKTN\u00cd FORMUL\u00c1\u0158E<\/h3>\r\n<p>Pokud n\u00e1m po\u0161lete ot\u00e1zky prost\u0159ednictv\u00edm kontaktn\u00edho formul\u00e1\u0159e, archivujeme POUZE e-mail zadan\u00fd ve formul\u00e1\u0159i, v\u010detn\u011b kontaktn\u00edch \u00fadaj\u016f, kter\u00e9 poskytnete, abychom mohli odpov\u011bd\u011bt na va\u0161i ot\u00e1zku a jak\u00e9koli n\u00e1sledn\u00e9 dotazy. Tyto informace nesd\u00edl\u00edme bez va\u0161eho svolen\u00ed.<br \/>\u00dadaje, kter\u00e9 poskytnete v kontaktn\u00edm formul\u00e1\u0159i, uchov\u00e1me, dokud nepo\u017e\u00e1d\u00e1te o jejich smaz\u00e1n\u00ed, neodvol\u00e1te v\u00e1\u0161 souhlas s jejich ulo\u017een\u00edm, nebo p\u0159estane platit \u00fa\u010del jejich ulo\u017een\u00ed (nap\u0159. po spln\u011bn\u00ed va\u0161eho po\u017eadavku). Jak\u00e9koli povinn\u00e1 z\u00e1konn\u00e1 ustanoven\u00ed, zejm\u00e9na ta, kter\u00e1 se t\u00fdkaj\u00ed povinn\u00fdch dob uchov\u00e1v\u00e1n\u00ed \u00fadaj\u016f, z\u016fst\u00e1vaj\u00ed t\u00edmto ustanoven\u00edm nedot\u010dena.<\/p>\r\n\r\n<h3>Cookies<\/h3>\r\n<p>N\u011bkter\u00e9 z na\u0161ich webov\u00fdch str\u00e1nek pou\u017e\u00edvaj\u00ed soubory cookie. Soubory cookie nepo\u0161kozuj\u00ed v\u00e1\u0161 po\u010d\u00edta\u010d a neobsahuj\u00ed \u017e\u00e1dn\u00e9 viry. Soubory cookie pom\u00e1haj\u00ed u\u010dinit n\u00e1\u0161 web u\u017eivatelsky p\u0159\u00edv\u011btiv\u011bj\u0161\u00edm, efektivn\u011bj\u0161\u00edm a bezpe\u010dn\u011bj\u0161\u00edm. Cookies jsou mal\u00e9 textov\u00e9 soubory, kter\u00e9 jsou uskladn\u011bny ve va\u0161em po\u010d\u00edta\u010di a ulo\u017eeny ve va\u0161em prohl\u00ed\u017ee\u010di.<br \/>V\u011bt\u0161ina soubor\u016f cookie, kter\u00e9 pou\u017e\u00edv\u00e1me, jsou takzvan\u00e9 \u201erela\u010dn\u00ed soubory cookie\u201c. Po va\u0161\u00ed n\u00e1v\u0161t\u011bv\u011b jsou automaticky smaz\u00e1ny. Ostatn\u00ed soubory cookie z\u016fstanou v pam\u011bti va\u0161eho za\u0159\u00edzen\u00ed, dokud je nevyma\u017eete. Tyto soubory cookie umo\u017e\u0148uj\u00ed rozpoznat v\u00e1\u0161 prohl\u00ed\u017ee\u010d p\u0159i p\u0159\u00ed\u0161t\u00ed n\u00e1v\u0161t\u011bv\u011b webu.<br \/>Sv\u016fj prohl\u00ed\u017ee\u010d m\u016f\u017eete nakonfigurovat tak, aby v\u00e1s informoval o pou\u017e\u00edv\u00e1n\u00ed soubor\u016f cookie, abyste se mohli p\u0159\u00edpad od p\u0159\u00edpadu rozhodnout, zda soubor cookie p\u0159ijmete nebo odm\u00edtnete. Alternativn\u011b m\u016f\u017ee b\u00fdt v\u00e1\u0161 prohl\u00ed\u017ee\u010d nakonfigurov\u00e1n tak, aby za ur\u010dit\u00fdch podm\u00ednek automaticky p\u0159ij\u00edmal soubory cookie nebo je v\u017edy odm\u00edtal, nebo aby soubory cookie automaticky odstranil p\u0159i zav\u0159en\u00ed prohl\u00ed\u017ee\u010de. Zak\u00e1z\u00e1n\u00ed cookies m\u016f\u017ee omezit funk\u010dnost tohoto webu.<\/p>\r\n<p>\u00a0<\/p>\r\n<p>[\/vc_column_text][vc_column_text css=&#8220;.vc_custom_1627040385229{margin-top: -15px !important;}&#8220;]<\/p>\r\n<h3>VLO\u017dEN\u00dd OBSAH Z JIN\u00ddCH STR\u00c1NEK<\/h3>\r\n<p>\u010cl\u00e1nky na tomto webu mohou zahrnovat vlo\u017een\u00fd obsah (nap\u0159. videa, obr\u00e1zky, \u010dl\u00e1nky atd.). Vlo\u017een\u00fd obsah z jin\u00fdch webov\u00fdch str\u00e1nek se chov\u00e1 stejn\u011b, jako kdyby n\u00e1v\u0161t\u011bvn\u00edk nav\u0161t\u00edvil jin\u00fd web. Tyto webov\u00e9 str\u00e1nky mohou shroma\u017e\u010fovat \u00fadaje o v\u00e1s, pou\u017e\u00edvat soubory cookie, vkl\u00e1dat dal\u0161\u00ed sledov\u00e1n\u00ed t\u0159et\u00edch stran a sledovat va\u0161i interakci s t\u00edmto vlo\u017een\u00fdm obsahem, v\u010detn\u011b sledov\u00e1n\u00ed va\u0161\u00ed interakce s vlo\u017een\u00fdm obsahem, pokud m\u00e1te \u00fa\u010det a jste p\u0159ihl\u00e1\u0161eni k dan\u00e9mu webu.<\/p>\r\n<h3>ANAL\u00ddZA<\/h3>\r\n<p>P\u0159i n\u00e1v\u0161t\u011bv\u011b na\u0161ich webov\u00fdch str\u00e1nek lze prov\u00e1d\u011bt statistick\u00e9 anal\u00fdzy va\u0161eho chov\u00e1n\u00ed p\u0159i proch\u00e1zen\u00ed. K tomu doch\u00e1z\u00ed prim\u00e1rn\u011b pomoc\u00ed cookies a analytiky. Anal\u00fdza va\u0161eho chov\u00e1n\u00ed p\u0159i proch\u00e1zen\u00ed je obvykle anonymn\u00ed, tj. z t\u011bchto \u00fadaj\u016f v\u00e1s nebudeme moci identifikovat. Proti t\u00e9to anal\u00fdze m\u016f\u017eete vzn\u00e9st n\u00e1mitku nebo j\u00ed zabr\u00e1nit pomoc\u00ed ur\u010dit\u00fdch n\u00e1stroj\u016f:<br \/>https:\/\/www.designerblogs.com\/how-to-block-google-analytics-from-tracking-your-own-visits\/<\/p>\r\n<h3>SD\u00cdLEN\u00cd OBSAHU POMOC\u00cd PLUGINS (FACEBOOK, TWITTER, ATD.)<\/h3>\r\n<p>Na na\u0161ich webov\u00fdch str\u00e1nk\u00e1ch v\u00e1m nab\u00edz\u00edme mo\u017enost pou\u017e\u00edvat tzv. \u201eTla\u010d\u00edtka soci\u00e1ln\u00edch m\u00e9di\u00ed\u201c.<br \/>Pokud na takov\u00e9 tla\u010d\u00edtko kliknete, budete p\u0159esm\u011brov\u00e1ni na p\u0159\u00edslu\u0161n\u00fd web soci\u00e1ln\u00ed s\u00edt\u011b stejn\u00fdm zp\u016fsobem, jako by to ud\u011blaly i norm\u00e1ln\u00ed odkazy. Pouze v tomto okam\u017eiku poskytovatel soci\u00e1ln\u00edch s\u00edt\u00ed z\u00edsk\u00e1 informace o v\u00e1s, nap\u0159\u00edklad va\u0161i IP adresu. Pokud na takov\u00e9 tla\u010d\u00edtko sd\u00edlen\u00ed nekliknete, nebudou p\u0159enesena \u017e\u00e1dn\u00e1 data. Informace o shroma\u017e\u010fov\u00e1n\u00ed a pou\u017e\u00edv\u00e1n\u00ed va\u0161eho data na str\u00e1nk\u00e1ch soci\u00e1ln\u00edch s\u00edt\u00ed naleznete v p\u0159\u00edslu\u0161n\u00fdch podm\u00ednk\u00e1ch pou\u017eit\u00ed p\u0159\u00edslu\u0161n\u00e9ho poskytovatele.<br \/>Na na\u0161em webu nab\u00edz\u00edme tla\u010d\u00edtka sd\u00edlen\u00ed pro n\u00e1sleduj\u00edc\u00ed slu\u017eby \/ spole\u010dnosti: Facebook, Twitter, LInkedIn<\/p>\r\n\r\n<h2>S K\u00ddM SD\u00cdL\u00cdME NA\u0160E DATA<\/h2>\r\n<p>Provozovatel\u00e9 tohoto webu berou ochranu va\u0161ich osobn\u00edch \u00fadaj\u016f velmi v\u00e1\u017en\u011b. S va\u0161imi osobn\u00edmi \u00fadaji zach\u00e1z\u00edme jako s d\u016fv\u011brn\u00fdmi a v souladu se z\u00e1konn\u00fdmi p\u0159edpisy a t\u011bmito z\u00e1sadami ochrany osobn\u00edch \u00fadaj\u016f. Pokud pou\u017e\u00edv\u00e1te tento web, bude shroma\u017e\u010fov\u00e1n pouze v\u00e1\u0161 e-mail.<br \/>Upozor\u0148ujeme, \u017ee data p\u0159en\u00e1\u0161en\u00e1 prost\u0159ednictv\u00edm internetu (nap\u0159. prost\u0159ednictv\u00edm e-mailov\u00e9 komunikace) mohou podl\u00e9hat naru\u0161en\u00ed bezpe\u010dnosti. \u00dapln\u00e1 ochrana va\u0161ich \u00fadaj\u016f p\u0159ed p\u0159\u00edstupem t\u0159et\u00edch stran nen\u00ed mo\u017en\u00e1.<\/p>\r\n\r\n<h2>JAK DLOUHO ARCHIVUJEME DATA<\/h2>\r\n<p>Pokud zanech\u00e1te koment\u00e1\u0159, budou koment\u00e1\u0159 a jeho metadata uchov\u00e1ny na neur\u010dito. \u010cin\u00edme tak proto, abychom mohli automaticky rozpozn\u00e1vat a schvalovat v\u0161echny navazuj\u00edc\u00ed koment\u00e1\u0159e m\u00edsto jejich za\u0159azen\u00ed do schvalovac\u00ed fronty. U u\u017eivatel\u016f, kte\u0159\u00ed se zaregistruj\u00ed na na\u0161em webu (pokud existuj\u00ed), tak\u00e9 ukl\u00e1d\u00e1me osobn\u00ed informace, kter\u00e9 poskytuj\u00ed, do jejich u\u017eivatelsk\u00e9ho profilu. V\u0161ichni u\u017eivatel\u00e9 mohou kdykoli vid\u011bt, upravovat nebo mazat sv\u00e9 osobn\u00ed \u00fadaje (krom\u011b toho, \u017ee nemohou zm\u011bnit sv\u00e9 u\u017eivatelsk\u00e9 jm\u00e9no). Spr\u00e1vci webov\u00fdch str\u00e1nek mohou tyto informace tak\u00e9 zobrazit a upravit.<br \/><strong>Koment\u00e1\u0159e na tomto webu NEJSOU povoleny.<\/strong><\/p>\r\n<p>&nbsp;<\/p>\r\n<p>[\/vc_column_text][vc_column_text css=&#8220;.vc_custom_1627034362307{margin-top: -15px !important;}&#8220;]<\/p>\r\n<h2>JAK\u00c1 PR\u00c1VA M\u00c1TE VE VZTAHU K VA\u0160IM DAT\u016eM<\/h2>\r\n<p>V souladu s pr\u00e1vn\u00edmi p\u0159edpisy m\u00e1te pr\u00e1vo b\u00fdt kdykoli bezplatn\u011b informov\u00e1ni o jak\u00fdchkoli va\u0161ich osobn\u00edch \u00fadaj\u00edch, kter\u00e9 jsou ulo\u017eeny, jako\u017e i o jejich p\u016fvodu, p\u0159\u00edjemci a \u00fa\u010delu, pro kter\u00fd byly zpracov\u00e1ny. M\u00e1te tak\u00e9 pr\u00e1vo na opravu, zablokov\u00e1n\u00ed nebo smaz\u00e1n\u00ed t\u011bchto \u00fadaj\u016f. Pokud m\u00e1te dal\u0161\u00ed dotazy t\u00fdkaj\u00edc\u00ed se osobn\u00edch \u00fadaj\u016f, m\u016f\u017eete n\u00e1s kdykoli kontaktovat pomoc\u00ed adresy uveden\u00e9 na na\u0161ich webov\u00fdch str\u00e1nk\u00e1ch.<\/p>\r\n<p>&nbsp;<\/p>\r\n<p>\u00a0<\/p>\r\n<p>[\/vc_column_text][\/vc_column][\/vc_row]<\/p>","protected":false},"excerpt":{"rendered":"<p>[vc_row el_class=&#8220;mg-bottom-60&#8243;][vc_column][vc_column_text] KDO JSME Projekt je \u0159e\u0161en konsorciem 6 partner\u016f z N\u011bmecka, \u010cesk\u00e9 republiky, It\u00e1lie, Polska a Bulharska. V souladu s ustanoven\u00edmi na\u0159\u00edzen\u00ed (EU) 2016\/679 (d\u00e1le jen \u201eGDPR\u201c) ve zn\u011bn\u00ed italsk\u00e9ho legislativn\u00edho na\u0159\u00edzen\u00ed (D.Lgs.) \u010c. 101\/2018 v\u00e1s budeme informovat o \u00fa\u010delech a metod\u00e1ch zpracov\u00e1n\u00ed osobn\u00edch \u00fadaj\u016f z\u00edskan\u00fdch b\u011bhem va\u0161\u00ed interakce s webem www.f2f2d.eu jednodu\u0161e prostudov\u00e1n\u00edm [&hellip;]<\/p>\n","protected":false},"author":1,"featured_media":0,"parent":0,"menu_order":0,"comment_status":"closed","ping_status":"open","template":"","meta":[],"_links":{"self":[{"href":"https:\/\/www.f2f2d.eu\/site\/cs\/wp-json\/wp\/v2\/pages\/3422"}],"collection":[{"href":"https:\/\/www.f2f2d.eu\/site\/cs\/wp-json\/wp\/v2\/pages"}],"about":[{"href":"https:\/\/www.f2f2d.eu\/site\/cs\/wp-json\/wp\/v2\/types\/page"}],"author":[{"embeddable":true,"href":"https:\/\/www.f2f2d.eu\/site\/cs\/wp-json\/wp\/v2\/users\/1"}],"replies":[{"embeddable":true,"href":"https:\/\/www.f2f2d.eu\/site\/cs\/wp-json\/wp\/v2\/comments?post=3422"}],"version-history":[{"count":5,"href":"https:\/\/www.f2f2d.eu\/site\/cs\/wp-json\/wp\/v2\/pages\/3422\/revisions"}],"predecessor-version":[{"id":3427,"href":"https:\/\/www.f2f2d.eu\/site\/cs\/wp-json\/wp\/v2\/pages\/3422\/revisions\/3427"}],"wp:attachment":[{"href":"https:\/\/www.f2f2d.eu\/site\/cs\/wp-json\/wp\/v2\/media?parent=3422"}],"curies":[{"name":"wp","href":"https:\/\/api.w.org\/{rel}","templated":true}]}}