{"id":3188,"date":"2021-05-11T09:27:14","date_gmt":"2021-05-11T08:27:14","guid":{"rendered":"http:\/\/www.f2f2d.eu\/site\/the-project\/"},"modified":"2022-09-02T11:00:45","modified_gmt":"2022-09-02T10:00:45","slug":"projekt","status":"publish","type":"page","link":"https:\/\/www.f2f2d.eu\/site\/de\/projekt\/","title":{"rendered":"Projekt"},"content":{"rendered":"<p>[vc_row][vc_column][vc_column_text][\/vc_column_text][\/vc_column][\/vc_row][vc_row el_class=&#8220;mg-bottom-40&#8243;][vc_column]            <div class=\"heading color-dark text-center \" >\n                                    <span class=\"s-color\"><i class=\"fa fa-star\"><\/i><\/span>\n                                                <h2 class=\"heading-color fs-38\">\n                    'F2F2D and back' Projekt                <\/h2>\n                            <\/div>\n            [vc_column_text css=&#8220;.vc_custom_1625821711807{margin-top: 10px !important;margin-right: 80px !important;margin-left: 80px !important;}&#8220;]<\/p>\r\n<p style=\"text-align: center;\"><strong><a href=\"https:\/\/www.eacea.ec.europa.eu\/grants_en\" target=\"_blank\" rel=\"noopener\">Erasmus+ Program<\/a> &#8211; <\/strong><em>Strategische Partnerschaften in der Erwachsenenbildung <\/em><br \/>Projekt Nummer: 2020-1-DE02-KA204-007590<br \/><strong><em>Das Projekt hat eine Laufzeit von 24 Monaten<\/em><\/strong><br \/><em>(Start am 2020-12-01 \u2013 Ende am 2022-11-30)<\/em><\/p>\r\n<p>&nbsp;<\/p>\r\n<p>[\/vc_column_text][vc_column_text css=&#8220;.vc_custom_1625821925839{margin-right: 80px !important;margin-left: 80px !important;}&#8220;]<\/p>\r\n<p>Durch die Coronapandemie stehen Bildungseinrichtungen vor gro\u00dfen Herausforderungen in der digitalen Transformation von Angeboten. Das Projekt F2F2D m\u00f6chte dabei insbesondere Sprachlehrer*innen unterst\u00fctzen den \u00dcbergang von Pr\u00e4senz- in Onlineangebote zu vereinfachen und effizienter zu gestalten.<\/p>\r\n<p><img loading=\"lazy\" class=\"size-full wp-image-2856 alignleft\" src=\"http:\/\/www.f2f2d.eu\/site\/wp-content\/uploads\/2021\/05\/h3-icon-3.png\" alt=\"\" width=\"53\" height=\"54\" \/><\/p>\r\n<p>Dabei wollen wir Orientierung im Dschungel virtueller Werkzeuge geben und konkrete Tipps und Anleitungen bereitstellen, wie die Digitalisierung gelingen kann. Zielgruppe sind dabei sowohl Einsteiger*innen, die sich noch nicht mit der Thematik befasst haben als auch Expert*innen, die ihre Herangehensweise optimieren wollen.<\/p>\r\n<blockquote>\r\n<p>\u00dcbergeordnetes Ziel des F2F2D Projekts ist es effektive digitale Tools und innovative Methoden zu entwickeln und zu sammeln, um einen qualitativ hochwertigen Transfer von Sprachkursen in Pr\u00e4senz zu Online-Formaten gew\u00e4hrleisten zu k\u00f6nnen.<\/p>\r\n<\/blockquote>\r\n<p>&nbsp;<\/p>\r\n<p>[\/vc_column_text][\/vc_column][\/vc_row][vc_row layout=&#8220;container&#8220; el_class=&#8220;mg-bottom-60&#8243;][vc_column width=&#8220;1\/3&#8243;]\t\t\t<div class=\"iconbox style6 color-dark pd-bottom-60\" >\n                <div>\n                                                <i style=\"color: #5d3273\" class=\"fas fa-globe\"><\/i>\n                                        <\/div>\n                                <a class=\"p-font heading-color\" title=\"\u00dcBER UNS\" target=\"_self\" href=\"#\">\u00dcBER UNS<\/a>\n                                <p>Wie man Sprachkurse in kurzer Zeit effektiv in digitale Formate \u00fcbertr\u00e4gt (F2F2D)<\/p>\n                \t\t\t<\/div>\n            \t\t\t<div class=\"iconbox style6 color-dark pd-bottom-60\" >\n                <div>\n                                                <i style=\"color: #bf2171\" class=\"fa fa-thumbs-o-up\"><\/i>\n                                        <\/div>\n                                <a class=\"p-font heading-color\" title=\"GR\u00dcNDE\" target=\"_self\" href=\"#\">GR\u00dcNDE<\/a>\n                                <p>Schnelligkeit und Einfachheit sind oft Schl\u00fcsselfaktoren, wenn es um Ver\u00e4nderungen im Unterricht geht. Das Projekt ``F2F2D`` m\u00f6chte allen Bildungseinrichtungen, die ihre Angbote aufgrund der Corona-Pandemie nicht auf traditionelle Weise fortzusetzen k\u00f6nnen, hilfreiche Tipps geben, wie sie die digitale Transformation gestalten k\u00f6nnen.<\/p>\n                \t\t\t<\/div>\n            [\/vc_column][vc_column width=&#8220;1\/3&#8243;][vc_single_image image=&#8220;361&#8243; img_size=&#8220;372&#215;354&#8243; alignment=&#8220;center&#8220;][\/vc_column][vc_column width=&#8220;1\/3&#8243;]\t\t\t<div class=\"iconbox style5 color-dark pd-bottom-60\" >\n                <div>\n                                                <i style=\"color: #bf2171\" class=\"fas fa-bullseye\"><\/i>\n                                        <\/div>\n                                <a class=\"p-font heading-color\" title=\"UNSERE MISSION\" target=\"_self\" href=\"#\">UNSERE MISSION<\/a>\n                                <p>Das Ziel des Projekts ist die Entwicklung eines ganzheitlichen Rahmens f\u00fcr die Umwandlung verschiedenster Arten von Sprachkursen in Online Formate. Das Projekt ``F2F2D and back`` will allen Bildungseinrichtungen auf diese Weise Zeit und Arbeit ersparen.<\/p>\n                \t\t\t<\/div>\n            \t\t\t<div class=\"iconbox style5 color-dark pd-bottom-60\" >\n                <div>\n                                                <i style=\"color: #ed8d37\" class=\"fa fa-laptop\"><\/i>\n                                        <\/div>\n                                <a class=\"p-font heading-color\" title=\"UNSERE STRATEGIE\" target=\"_self\" href=\"#\">UNSERE STRATEGIE<\/a>\n                                <p>Unser Fokus liegt auf der Entwicklung und Sammlung effektiver digitaler Tools und innovativer Methoden f\u00fcr den Online-Unterricht.<\/p>\n                \t\t\t<\/div>\n            [\/vc_column][\/vc_row][vc_row equal_height=&#8220;yes&#8220; el_class=&#8220;vc_row-no-padding&#8220; css=&#8220;.vc_custom_1622227659402{margin-bottom: 100px !important;}&#8220;][vc_column width=&#8220;1\/6&#8243;][\/vc_column][vc_column width=&#8220;2\/6&#8243;][vc_row_inner el_class=&#8220;icon-same-height&#8220;][vc_column_inner css=&#8220;.vc_custom_1622227034711{padding-right: 10px !important;background-color: #2fa7cb !important;}&#8220;]\t\t\t<div class=\"iconbox style2 color-light \" >\n                <div style=\"background-color: #ffbc33; color:#ffbc33\">\n                                                <i class=\"fa fa-area-chart\"><\/i>\n                                        <\/div>\n                                <a class=\"p-font heading-color\" title=\"UNSERE ST\u00c4RKE\" target=\"_self\" href=\"#\">UNSERE ST\u00c4RKE<\/a>\n                                <p>ist eine Kooperation von 6 Partnern aus Deutschland, der Tschechischen Republik, Italien, Polen und Bulgarien<\/p>\n                \t\t\t<\/div>\n            [\/vc_column_inner][vc_column_inner css=&#8220;.vc_custom_1622227029272{padding-right: 10px !important;background-color: #2fa7cb !important;}&#8220;]\t\t\t<div class=\"iconbox style2 color-light \" >\n                <div style=\"background-color: #ffbc33; color:#ffbc33\">\n                                                <i class=\"fa fa-trophy\"><\/i>\n                                        <\/div>\n                                <a class=\"p-font heading-color\" title=\"PROJEKTERGEBNISSE\" target=\"_self\" href=\"#\">PROJEKTERGEBNISSE<\/a>\n                                <p>\u2022 Fahrplan f\u00fcr den Transfer von Sprachkursen in Pr\u00e4senz zu Online-Formaten<br \/>\u2022 Leitfaden f\u00fcr Lehrende zu virtuellen Tools und Methoden der digitalen Transformation<br \/>\u2022 Schritt-f\u00fcr-Schritt-Anleitung zum \u00dcbertragen von Kursen<br \/>\u2022 Tools zur Selbst- und Fremdeinsch\u00e4tzung f\u00fcr Lehrende, Lernende und Bildungsanbieter<br \/>\u2022 Leitfaden f\u00fcr Aus- und Bildungseinrichtungen von Sprachlehrer*innen<\/p>\n                \t\t\t<\/div>\n            [\/vc_column_inner][vc_column_inner css=&#8220;.vc_custom_1622227041727{padding-right: 10px !important;background-color: #2fa7cb !important;}&#8220;]\t\t\t<div class=\"iconbox style2 color-light \" >\n                <div style=\"background-color: #ffbc33; color:#ffbc33\">\n                                                <i class=\"fa fa-key\"><\/i>\n                                        <\/div>\n                                <a class=\"p-font heading-color\" title=\"ZIELGRUPPE\" target=\"_self\" href=\"#\">ZIELGRUPPE<\/a>\n                                <p>Sprachlehrer*innen, Sch\u00fcler*innen, Leiter*innen von Bildungseinrichtungen, Interessensvertreter*innen, NGOs, regionale und staatliche Beh\u00f6rden sowie politische Entscheidungstr\u00e4ger im Bildungsbereich<\/p>\n                \t\t\t<\/div>\n            [\/vc_column_inner][\/vc_row_inner][\/vc_column][vc_column width=&#8220;2\/6&#8243;][vc_empty_space height=&#8220;670px&#8220; css=&#8220;.vc_custom_1621513858517{background-image: url(http:\/\/www.f2f2d.eu\/site\/wp-content\/uploads\/2021\/01\/background-4.jpg?id=867) !important;background-position: center !important;background-repeat: no-repeat !important;background-size: cover !important;}&#8220;][\/vc_column][vc_column width=&#8220;1\/6&#8243;][\/vc_column][\/vc_row][vc_row el_class=&#8220;mg-bottom-120&#8243;][vc_column][vc_column_text]<\/p>\r\n<p>[\/vc_column_text][\/vc_column][\/vc_row]<\/p>","protected":false},"excerpt":{"rendered":"<p>[vc_row][vc_column][vc_column_text][\/vc_column_text][\/vc_column][\/vc_row][vc_row el_class=&#8220;mg-bottom-40&#8243;][vc_column][vc_column_text css=&#8220;.vc_custom_1625821711807{margin-top: 10px !important;margin-right: 80px !important;margin-left: 80px !important;}&#8220;] Erasmus+ Program &#8211; Strategische Partnerschaften in der Erwachsenenbildung Projekt Nummer: 2020-1-DE02-KA204-007590Das Projekt hat eine Laufzeit von 24 Monaten(Start am 2020-12-01 \u2013 Ende am 2022-11-30) &nbsp; [\/vc_column_text][vc_column_text css=&#8220;.vc_custom_1625821925839{margin-right: 80px !important;margin-left: 80px !important;}&#8220;] Durch die Coronapandemie stehen Bildungseinrichtungen vor gro\u00dfen Herausforderungen in der digitalen Transformation von Angeboten. Das [&hellip;]<\/p>\n","protected":false},"author":1,"featured_media":0,"parent":0,"menu_order":0,"comment_status":"closed","ping_status":"closed","template":"","meta":[],"_links":{"self":[{"href":"https:\/\/www.f2f2d.eu\/site\/de\/wp-json\/wp\/v2\/pages\/3188"}],"collection":[{"href":"https:\/\/www.f2f2d.eu\/site\/de\/wp-json\/wp\/v2\/pages"}],"about":[{"href":"https:\/\/www.f2f2d.eu\/site\/de\/wp-json\/wp\/v2\/types\/page"}],"author":[{"embeddable":true,"href":"https:\/\/www.f2f2d.eu\/site\/de\/wp-json\/wp\/v2\/users\/1"}],"replies":[{"embeddable":true,"href":"https:\/\/www.f2f2d.eu\/site\/de\/wp-json\/wp\/v2\/comments?post=3188"}],"version-history":[{"count":3,"href":"https:\/\/www.f2f2d.eu\/site\/de\/wp-json\/wp\/v2\/pages\/3188\/revisions"}],"predecessor-version":[{"id":4006,"href":"https:\/\/www.f2f2d.eu\/site\/de\/wp-json\/wp\/v2\/pages\/3188\/revisions\/4006"}],"wp:attachment":[{"href":"https:\/\/www.f2f2d.eu\/site\/de\/wp-json\/wp\/v2\/media?parent=3188"}],"curies":[{"name":"wp","href":"https:\/\/api.w.org\/{rel}","templated":true}]}}