{"id":3194,"date":"2021-05-28T15:43:24","date_gmt":"2021-05-28T14:43:24","guid":{"rendered":"http:\/\/www.f2f2d.eu\/site\/intellectual-outputs\/"},"modified":"2022-11-22T17:14:00","modified_gmt":"2022-11-22T16:14:00","slug":"ergebnisse","status":"publish","type":"page","link":"https:\/\/www.f2f2d.eu\/site\/de\/ergebnisse\/","title":{"rendered":"Ergebnisse"},"content":{"rendered":"<p>[vc_row][vc_column]            <div class=\"heading color-dark text-center mg-bottom-60\" >\n                                    <span class=\"s-color\"><i class=\"fa fa-star\"><\/i><\/span>\n                                                <h2 class=\"heading-color fs-38\">\n                    Projektergebnisse                <\/h2>\n                                <p class=\"fs-14\">\n                    Auf dieser Seite werden Sie in den kommenden Monaten alle Ergebnisse unseres Projekts kostenlos zum Download finden:                <\/p>\n                            <\/div>\n            [\/vc_column][vc_column][vc_message]<\/p>\n<h3><strong>Die intellektuellen Ergebnisse des \u201eF2F2D\u201c-Projekts. Bitte w\u00e4hlen Sie diejenige aus, die Ihren Bed\u00fcrfnissen am n\u00e4chsten kommt.<\/strong><\/h3>\n<p>[\/vc_message][\/vc_column][vc_column][vc_column_text][caf_filter id=&#8217;4245&#8242;][\/vc_column_text][\/vc_column][\/vc_row][vc_row css=&#8220;.vc_custom_1648991508641{margin-top: 30px !important;margin-bottom: 10px !important;}&#8220;][vc_column][vc_separator color=&#8220;custom&#8220; border_width=&#8220;5&#8243; accent_color=&#8220;#ffbd32&#8243;][\/vc_column][\/vc_row][vc_row css=&#8220;.vc_custom_1622214373878{margin-bottom: 100px !important;}&#8220;][vc_column][vc_column_text el_class=&#8220;mg-bottom-15&#8243;]<\/p>\n<blockquote><p>DIGITALER TRANSFERBEDARF VON SPRACHKURSEN (IO1)<\/p><\/blockquote>\n<p>Die Studie wirft einen Blick auf die g\u00e4ngigsten Formate im Bereich von Sprachkursen. Im Fokus stehen dabei die Bed\u00fcrfnisse der Lernenden und Lehrenden, ihre Verhaltensweisen sowie m\u00f6gliche Barrieren im Hinblick auf die digitale Transformation von Sprachkursen aller Art.[\/vc_column_text][vc_column_text el_class=&#8220;mg-bottom-15&#8243;]<\/p>\n<blockquote><p>Leitfaden f\u00fcr Lehrende zu virtuellen Tools und Methoden der digitalen Transformation (IO2)<\/p><\/blockquote>\n<p>Ziel des Leitfadens ist es, Sprachlehrer*innen mit Ans\u00e4tzen zur Nutzung alternativer Kommunikationskan\u00e4le und digitaler Werkzeuge auszur\u00fcsten. Lehrende sollen so darauf vorbereitet werden ihre Kurse schnell in qualitativ hochwertige digitale Lernumgebungen zu \u00fcbertragen.[\/vc_column_text][vc_column_text el_class=&#8220;mg-bottom-15&#8243;]<\/p>\n<blockquote><p>Schritt-f\u00fcr-Schritt-Anleitung zum \u00dcbertragen von Kursen (IO3)<\/p><\/blockquote>\n<p>In diesem Handbuch werden Lehrende Schritt-f\u00fcr-Schritt angeleitet, wie verschiedenste Kurstypen in Online-Formate transferiert werden k\u00f6nnen. Durch konkrete Anweisungen sollen auf diese Weise das Lernniveau gewahrt werden und zeitsparend digitale Optionen aufgezeigt werden.[\/vc_column_text][vc_column_text el_class=&#8220;mg-bottom-15&#8243;]<\/p>\n<blockquote><p>Tools zur Selbst- und Fremdeinsch\u00e4tzung f\u00fcr Lehrende, Lernende und Bildungsanbieter (IO4)<\/p><\/blockquote>\n<p>In diesem IO werden\u00a0 wir verschiedene Evaluationstools beleuchten, die die Qualit\u00e4t des Lernprozesses von Lehrenden und Lernenden und eine reibungslose Organisation der digitalen Angebote von Seiten der Bildungseinrichtung gew\u00e4hrleisten sollen.[\/vc_column_text][vc_column_text el_class=&#8220;mg-bottom-15&#8243;]<\/p>\n<blockquote><p>Leitfaden f\u00fcr Aus- und Bildungseinrichtungen von Sprachlehrer*innen (IO6)<\/p><\/blockquote>\n<p>Dieser Leitfaden richtet sich explizit an Bildungseinrichtungen und Ausbildungsst\u00e4tten von Sprachlehrer*innen. Ziel ist es den Schulen, Universit\u00e4ten, Sprachbildungszentren, NGOs und anderen Nutzer*innen ein methodisches Erkl\u00e4rungsinstrument an die Hand zu geben wie die Ergebnisse des Projekts bestm\u00f6glich genutzt werden k\u00f6nnen.<br \/>\nDer Leitfaden enth\u00e4lt neben der Beschreibung jedes Ergebnisses, einen Gesamt\u00fcberblick \u00fcber die im Projekt erreichten Resultate und zeigt wie die digitale Transformation von Sprachkursen gelingen kann.[\/vc_column_text][\/vc_column][\/vc_row][vc_row][vc_column][vc_hoverbox image=&#8220;2831&#8243; primary_title=&#8220;Die Projektergebnisse und Produkte werden unter einer Creative Commons License ver\u00f6ffentlicht&#8220; primary_title_font_container=&#8220;font_size:29px|color:%23ffffff|line_height:39px&#8220; primary_title_google_fonts=&#8220;font_family:Oswald%3A300%2Cregular%2C700|font_style:700%20bold%20regular%3A700%3Anormal&#8220; hover_title=&#8220;Die Projektergebnisse und Produkte werden unter einer Creative Commons License ver\u00f6ffentlicht.&#8220; el_width=&#8220;90&#8243; use_custom_fonts_primary_title=&#8220;true&#8220; el_class=&#8220;mg-bottom-120&#8243;]<\/p>\n<p style=\"text-align: center;\"><a href=\"https:\/\/creativecommons.org\/licenses\/by-sa\/4.0\/deed.de\" target=\"_blank\" rel=\"noopener\">Namensnennung &#8211; Weitergabe unter gleichen Bedingungen 4.0 International (CC BY-SA 4.0) <\/a><a href=\"https:\/\/creativecommons.org\/licenses\/by-sa\/4.0\/deed.de\" target=\"_blank\" rel=\"noopener\"><img loading=\"lazy\" class=\"alignleft wp-image-3660 size-full\" src=\"http:\/\/www.f2f2d.eu\/site\/wp-content\/uploads\/2021\/10\/Logo_CC_DE.jpg\" alt=\"Namensnennung - Weitergabe unter gleichen Bedingungen 4.0 International (CC BY-SA 4.0) \" width=\"300\" height=\"126\" \/><\/a><\/p>\n<p>Sie d\u00fcrfen: Teilen &#8211; das Material in jedwedem Format oder Medium vervielf\u00e4ltigen und weiterverbreiten<br \/>\nBearbeiten &#8211; das Material remixen, ver\u00e4ndern und darauf aufbauen und zwar f\u00fcr beliebige Zwecke, sogar kommerziell.<\/p>\n<p>[\/vc_hoverbox][\/vc_column][\/vc_row][vc_row][vc_column][\/vc_column][\/vc_row]<\/p>\n","protected":false},"excerpt":{"rendered":"<p>[vc_row][vc_column][\/vc_column][vc_column][vc_message] Die intellektuellen Ergebnisse des \u201eF2F2D\u201c-Projekts. Bitte w\u00e4hlen Sie diejenige aus, die Ihren Bed\u00fcrfnissen am n\u00e4chsten kommt. [\/vc_message][\/vc_column][vc_column][vc_column_text][caf_filter id=&#8217;4245&#8242;][\/vc_column_text][\/vc_column][\/vc_row][vc_row css=&#8220;.vc_custom_1648991508641{margin-top: 30px !important;margin-bottom: 10px !important;}&#8220;][vc_column][vc_separator color=&#8220;custom&#8220; border_width=&#8220;5&#8243; accent_color=&#8220;#ffbd32&#8243;][\/vc_column][\/vc_row][vc_row css=&#8220;.vc_custom_1622214373878{margin-bottom: 100px !important;}&#8220;][vc_column][vc_column_text el_class=&#8220;mg-bottom-15&#8243;] DIGITALER TRANSFERBEDARF VON SPRACHKURSEN (IO1) Die Studie wirft einen Blick auf die g\u00e4ngigsten Formate im Bereich von Sprachkursen. Im Fokus stehen dabei die Bed\u00fcrfnisse [&hellip;]<\/p>\n","protected":false},"author":1,"featured_media":0,"parent":0,"menu_order":0,"comment_status":"closed","ping_status":"open","template":"","meta":[],"_links":{"self":[{"href":"https:\/\/www.f2f2d.eu\/site\/de\/wp-json\/wp\/v2\/pages\/3194"}],"collection":[{"href":"https:\/\/www.f2f2d.eu\/site\/de\/wp-json\/wp\/v2\/pages"}],"about":[{"href":"https:\/\/www.f2f2d.eu\/site\/de\/wp-json\/wp\/v2\/types\/page"}],"author":[{"embeddable":true,"href":"https:\/\/www.f2f2d.eu\/site\/de\/wp-json\/wp\/v2\/users\/1"}],"replies":[{"embeddable":true,"href":"https:\/\/www.f2f2d.eu\/site\/de\/wp-json\/wp\/v2\/comments?post=3194"}],"version-history":[{"count":5,"href":"https:\/\/www.f2f2d.eu\/site\/de\/wp-json\/wp\/v2\/pages\/3194\/revisions"}],"predecessor-version":[{"id":4246,"href":"https:\/\/www.f2f2d.eu\/site\/de\/wp-json\/wp\/v2\/pages\/3194\/revisions\/4246"}],"wp:attachment":[{"href":"https:\/\/www.f2f2d.eu\/site\/de\/wp-json\/wp\/v2\/media?parent=3194"}],"curies":[{"name":"wp","href":"https:\/\/api.w.org\/{rel}","templated":true}]}}