{"id":3205,"date":"2021-01-16T12:37:10","date_gmt":"2021-01-16T12:37:10","guid":{"rendered":"http:\/\/www.f2f2d.eu\/site\/privacy-policy\/"},"modified":"2021-07-09T16:15:27","modified_gmt":"2021-07-09T15:15:27","slug":"datenschutzrichtlinie","status":"publish","type":"page","link":"https:\/\/www.f2f2d.eu\/site\/de\/datenschutzrichtlinie\/","title":{"rendered":"DATENSCHUTZRICHTLINIE"},"content":{"rendered":"<p>[vc_row el_class=&#8220;mg-bottom-60&#8243;][vc_column][vc_column_text]<\/p>\r\n<h2>WER WIR SIND<\/h2>\r\n<p>Das Projekt wird von einem <strong>Konsortium<\/strong> aus 6 Partnern aus Deutschland, der Tschechischen Republik, Italien, Polen und Bulgarien geleitet.<\/p>\r\n<p>In \u00dcbereinstimmung mit den Bestimmungen der Verordnung (EU) 2016\/679 (im Folgenden &#8222;GDPR&#8220;), ge\u00e4ndert durch das italienische Gesetzesdekret (D.Lgs.) Nr. 101\/2018 , m\u00f6chten wir Sie \u00fcber die Zwecke und Methoden der Verarbeitung personenbezogener Daten informieren, die w\u00e4hrend Ihrer Interaktion mit der Website <a href=\"http:\/\/www.f2f2d.eu\">www.f2f2d.eu<\/a> durch die normale Nutzung der Website und\/oder die Inanspruchnahme spezifischer Dienste, die dem Nutzer\/Besucher \u00fcber die Website selbst zur Verf\u00fcgung gestellt werden, erfasst werden.<br \/>Die auf dieser Website erhobenen Daten werden vom Betreiber der Website verarbeitet: Associazione Innovamentis (Italien). Die Kontaktdaten des Betreibers finden Sie auf der Partnerseite der Website.<\/p>\r\n<h2>WELCHE PERS\u00d6NLICHEN DATEN SAMMELN WIR UND WARUM SAMMELN WIR SIE<\/h2>\r\n<p>Wir erheben bestimmte Daten, wenn Sie uns diese zur Verf\u00fcgung stellen. Dies k\u00f6nnen z.B. Daten sein, die Sie in ein Kontaktformular eingeben (Ihre E-Mail).\u00a0 Andere Daten werden automatisch von unseren IT-Systemen erfasst, wenn Sie die Website besuchen. Dabei handelt es sich in erster Linie um technische Daten wie z.B. den von Ihnen verwendeten Browser und das Betriebssystem oder den Zeitpunkt des Seitenaufrufs. Diese Daten werden automatisch erhoben, sobald Sie unsere Website betreten.<\/p>\r\n<h3>KONTAKTFORMULARE<\/h3>\r\n<p>Wenn Sie uns per Kontaktformular Anfragen zukommen lassen, werden NUR die Angaben aus dem Formular inklusive der von Ihnen dort angegebenen Kontaktdaten zwecks Bearbeitung der Anfrage und f\u00fcr den Fall von Anschlussfragen bei uns gespeichert. Wir geben diese Informationen nicht ohne Ihre Zustimmung weiter.<br \/>Die von Ihnen im Kontaktformular angegebenen Daten werden bei uns gespeichert, bis Sie uns zur L\u00f6schung auffordern, Ihre Einwilligung zur Speicherung widerrufen oder der Zweck f\u00fcr die Datenspeicherung entf\u00e4llt (z.B. nach Erledigung des Anliegens). Zwingende gesetzliche Bestimmungen, insbesondere \u00fcber gesetzliche Aufbewahrungsfristen, bleiben von dieser Regelung unber\u00fchrt.<\/p>\r\n\r\n<h3>Cookies<\/h3>\r\n<p>Einige unserer Webseiten verwenden Cookies. Cookies richten auf Ihrem Rechner keinen Schaden an und enthalten keine Viren. Cookies dienen dazu, unser Angebot nutzerfreundlicher, effektiver und sicherer zu machen. Cookies sind kleine Textdateien, die auf Ihrem Rechner abgelegt werden und die Ihr Browser speichert.<br \/>Die meisten der von uns verwendeten Cookies sind so genannte &#8222;Session-Cookies&#8220;. Sie werden nach Ende Ihres Besuchs automatisch gel\u00f6scht. Andere Cookies verbleiben im Speicher Ihres Endger\u00e4tes, bis Sie diese l\u00f6schen. Diese Cookies erm\u00f6glichen es, Ihren Browser beim n\u00e4chsten Besuch wiederzuerkennen.<br \/>Sie k\u00f6nnen Ihren Browser so konfigurieren, dass Sie \u00fcber die Verwendung von Cookies informiert werden, so dass Sie von Fall zu Fall entscheiden k\u00f6nnen, ob Sie ein Cookie akzeptieren oder ablehnen. Alternativ kann Ihr Browser so konfiguriert werden, dass er Cookies unter bestimmten Bedingungen automatisch akzeptiert oder immer ablehnt, oder dass er Cookies beim Schlie\u00dfen des Browsers automatisch l\u00f6scht. Bei der Deaktivierung von Cookies kann die Funktionalit\u00e4t dieser Website eingeschr\u00e4nkt sein.<\/p>\r\n<p>&nbsp;<\/p>\r\n<p>[\/vc_column_text][vc_column_text]<\/p>\r\n<h3>EINGEBETTETE INHALTE VON ANDEREN WEBSITES<\/h3>\r\n<p>Artikel auf dieser Website k\u00f6nnen eingebettete Inhalte (z. B. Videos, Bilder, Artikel usw.) enthalten. Eingebettete Inhalte von anderen Websites verhalten sich genau so, als ob der Besucher die andere Website besucht h\u00e4tte. Diese Websites k\u00f6nnen Daten \u00fcber Sie sammeln, Cookies verwenden, zus\u00e4tzliche Tracking-Ma\u00dfnahmen von Drittanbietern einbetten und Ihre Interaktion mit diesem eingebetteten Inhalt \u00fcberwachen, einschlie\u00dflich der Verfolgung Ihrer Interaktion mit dem eingebetteten Inhalt, wenn Sie ein Konto haben und auf dieser Website angemeldet sind.<\/p>\r\n<h3>ANALYTICS<\/h3>\r\n<p>Beim Besuch unserer Website k\u00f6nnen statistische Auswertungen \u00fcber Ihr Surfverhalten gemacht werden. Dies geschieht in erster Linie mit Hilfe von Cookies und Analytik. Die Auswertung Ihres Surfverhaltens erfolgt in der Regel anonym, d.h. wir k\u00f6nnen Sie anhand dieser Daten nicht identifizieren. Sie k\u00f6nnen dieser Analyse widersprechen oder sie verhindern, indem Sie bestimmte Tools nicht nutzen:<br \/><a href=\"https:\/\/www.designerblogs.com\/how-to-block-google-analytics-from-tracking-your-own-visits\/\">https:\/\/www.designerblogs.com\/how-to-block-google-analytics-from-tracking-your-own-visits\/<\/a><\/p>\r\n<h3>INHALTE \u00dcBER PLUGINS TEILEN (FACEBOOK, TWITTER, ETC.)<\/h3>\r\n<p>Auf unserer Website bieten wir Ihnen die M\u00f6glichkeit, sogenannte &#8222;Social Media Buttons&#8220; zu nutzen.<br \/>Wenn Sie auf einen solchen Button klicken, werden Sie auf die entsprechende Seite des sozialen Netzwerks weitergeleitet, so wie es auch normale Links tun w\u00fcrden. Nur in diesem Moment erh\u00e4lt der Anbieter der sozialen Netzwerkseite Informationen \u00fcber Sie, zum Beispiel Ihre IP-Adresse. Wenn Sie einen solchen Share-Button nicht anklicken, werden keine Daten \u00fcbertragen. Informationen \u00fcber die Erhebung und Verwendung Ihrer Daten auf den Seiten der sozialen Netzwerke finden Sie in den entsprechenden Nutzungsbedingungen des jeweiligen Anbieters.<br \/>Auf unserer Website bieten wir Share-Buttons f\u00fcr folgende Dienste \/ Unternehmen an: Facebook, Twitter, LInkedIn.<\/p>\r\n<h2>MIT WEM WIR IHRE DATEN TEILEN<\/h2>\r\n<p>Die Betreiber dieser Website nehmen den Schutz Ihrer pers\u00f6nlichen Daten sehr ernst. Wir behandeln Ihre personenbezogenen Daten vertraulich und entsprechend der gesetzlichen Datenschutzvorschriften sowie dieser Datenschutzerkl\u00e4rung. Wenn Sie diese Website nutzen, wird nur Ihre E-Mail erfasst.<br \/>Wir weisen darauf hin, dass die Daten\u00fcbertragung im Internet (z.B. bei der Kommunikation per E-Mail) Sicherheitsl\u00fccken aufweisen kann. Ein l\u00fcckenloser Schutz der Daten vor dem Zugriff durch Dritte ist nicht m\u00f6glich.<\/p>\r\n<h2>WIE LANGE WIR IHRE DATEN AUFBEWAHREN<\/h2>\r\n<p>Wenn Sie einen Kommentar hinterlassen, werden der Kommentar und seine Metadaten auf unbestimmte Zeit gespeichert. Dies geschieht, damit wir Folgekommentare automatisch erkennen und freigeben k\u00f6nnen, anstatt sie in einer Moderationswarteschlange zu halten. F\u00fcr Benutzer, die sich auf unserer Website registrieren (falls vorhanden), speichern wir auch die pers\u00f6nlichen Informationen, die sie in ihrem Benutzerprofil angeben. Alle Benutzer k\u00f6nnen ihre pers\u00f6nlichen Daten jederzeit sehen, bearbeiten oder l\u00f6schen (au\u00dfer sie k\u00f6nnen ihren Benutzernamen nicht \u00e4ndern).\u00a0 Website-Administratoren k\u00f6nnen diese Informationen ebenfalls sehen und bearbeiten.<br \/>Die Kommentare sind auf dieser Website NICHT aktiviert.<\/p>\r\n<h2>WELCHE RECHTE SIE \u00dcBER IHRE DATEN HABEN<\/h2>\r\n<p>Sie haben im Rahmen der gesetzlichen Bestimmungen jederzeit das Recht auf unentgeltliche Auskunft \u00fcber Ihre gespeicherten personenbezogenen Daten sowie deren Herkunft und Empf\u00e4nger und den Zweck der Datenverarbeitung. Sie haben au\u00dferdem ein Recht auf Berichtigung, Sperrung und L\u00f6schung dieser Daten. Hierzu sowie zu weiteren Fragen zum Thema personenbezogene Daten k\u00f6nnen Sie sich jederzeit unter der in unserer Website angegebenen Adresse an uns wenden.<\/p>\r\n<p>[\/vc_column_text][vc_column_text css=&#8220;.vc_custom_1625843031936{margin-top: -15px !important;}&#8220;][\/vc_column_text][vc_column_text css=&#8220;.vc_custom_1625843082841{margin-top: -15px !important;}&#8220;]<\/p>\r\n\r\n<p>&nbsp;<\/p>\r\n\r\n<p>[\/vc_column_text][\/vc_column][\/vc_row]<\/p>","protected":false},"excerpt":{"rendered":"<p>[vc_row el_class=&#8220;mg-bottom-60&#8243;][vc_column][vc_column_text] WER WIR SIND Das Projekt wird von einem Konsortium aus 6 Partnern aus Deutschland, der Tschechischen Republik, Italien, Polen und Bulgarien geleitet. In \u00dcbereinstimmung mit den Bestimmungen der Verordnung (EU) 2016\/679 (im Folgenden &#8222;GDPR&#8220;), ge\u00e4ndert durch das italienische Gesetzesdekret (D.Lgs.) Nr. 101\/2018 , m\u00f6chten wir Sie \u00fcber die Zwecke und Methoden der Verarbeitung [&hellip;]<\/p>\n","protected":false},"author":1,"featured_media":0,"parent":0,"menu_order":0,"comment_status":"closed","ping_status":"open","template":"","meta":[],"_links":{"self":[{"href":"https:\/\/www.f2f2d.eu\/site\/de\/wp-json\/wp\/v2\/pages\/3205"}],"collection":[{"href":"https:\/\/www.f2f2d.eu\/site\/de\/wp-json\/wp\/v2\/pages"}],"about":[{"href":"https:\/\/www.f2f2d.eu\/site\/de\/wp-json\/wp\/v2\/types\/page"}],"author":[{"embeddable":true,"href":"https:\/\/www.f2f2d.eu\/site\/de\/wp-json\/wp\/v2\/users\/1"}],"replies":[{"embeddable":true,"href":"https:\/\/www.f2f2d.eu\/site\/de\/wp-json\/wp\/v2\/comments?post=3205"}],"version-history":[{"count":5,"href":"https:\/\/www.f2f2d.eu\/site\/de\/wp-json\/wp\/v2\/pages\/3205\/revisions"}],"predecessor-version":[{"id":3214,"href":"https:\/\/www.f2f2d.eu\/site\/de\/wp-json\/wp\/v2\/pages\/3205\/revisions\/3214"}],"wp:attachment":[{"href":"https:\/\/www.f2f2d.eu\/site\/de\/wp-json\/wp\/v2\/media?parent=3205"}],"curies":[{"name":"wp","href":"https:\/\/api.w.org\/{rel}","templated":true}]}}