{"id":3251,"date":"2021-05-28T15:43:24","date_gmt":"2021-05-28T14:43:24","guid":{"rendered":"http:\/\/www.f2f2d.eu\/site\/intellectual-outputs\/"},"modified":"2022-11-22T17:46:52","modified_gmt":"2022-11-22T16:46:52","slug":"intellectual-outputs","status":"publish","type":"page","link":"https:\/\/www.f2f2d.eu\/site\/it\/intellectual-outputs\/","title":{"rendered":"Risultati di progetto"},"content":{"rendered":"<p>[vc_row][vc_column]            <div class=\"heading color-dark text-center mg-bottom-60\" >\n                                    <span class=\"s-color\"><i class=\"fa fa-star\"><\/i><\/span>\n                                                <h2 class=\"heading-color fs-38\">\n                    Risultati di progetto                <\/h2>\n                                <p class=\"fs-14\">\n                    Nei prossimi mesi verranno rilasciati i seguenti output intellettuali, completamente gratuiti e disponibili su questo sito per il download:                <\/p>\n                            <\/div>\n            [\/vc_column][vc_column][vc_message]<\/p>\n<h3><strong>I risultati intellettuali del progetto &#8220;F2F2D&#8221;. Per favore, scegli quello che si avvicina di pi\u00f9 alle tue esigenze.<\/strong><\/h3>\n<p>[\/vc_message][\/vc_column][vc_column][vc_column_text][caf_filter id=&#8217;4241&#8242;][\/vc_column_text][\/vc_column][\/vc_row][vc_row css=&#8221;.vc_custom_1648991508641{margin-top: 30px !important;margin-bottom: 10px !important;}&#8221;][vc_column][vc_separator color=&#8221;custom&#8221; border_width=&#8221;5&#8243; accent_color=&#8221;#ffbd32&#8243;][\/vc_column][\/vc_row][vc_row css=&#8221;.vc_custom_1622214373878{margin-bottom: 100px !important;}&#8221;][vc_column][vc_column_text el_class=&#8221;mg-bottom-15&#8243;]<\/p>\n<blockquote>\n<h3>Una roadmap dei tipi di corsi di lingua per la modalit\u00e0 online (IO1)<\/h3>\n<\/blockquote>\n<p>Lo studio prodotto sar\u00e0 una mappa che riassume le caratteristiche salienti dei corsi di lingua pi\u00f9 diffusi, raggruppati in modo modulare in modo da essere trattati separatamente e in combinazione tra loro, insieme alla mappa dei pi\u00f9 comuni e dei bisogni specifici degli studenti e formatori, ostacoli, abitudini e comportamenti dei gruppi target nella prospettiva di trasformare i corsi di lingua in corsi online.[\/vc_column_text][vc_column_text el_class=&#8221;mg-bottom-15&#8243;]<\/p>\n<blockquote>\n<h3>GUIDA PER GLI INSEGNANTI SU STRUMENTI E METODI DI TRASFERIMENTO DISPONIBILI (IO2)<\/h3>\n<\/blockquote>\n<p>L&#8217;obiettivo della Guida per gli insegnanti \u00e8 fornire agli insegnanti di lingua straniera una serie dettagliata di approcci all&#8217;uso di canali di comunicazione e archivi alternativi, preparando cos\u00ec gli insegnanti a trasferire rapidamente il loro corso in un ambiente digitale, quando il processo di insegnamento\/apprendimento standard non sar\u00e0 disponibile.[\/vc_column_text][vc_column_text el_class=&#8221;mg-bottom-15&#8243;]<\/p>\n<blockquote>\n<h3>GUIDA DETTAGLIATA PER IL TRASFERIMENTO DEI CORSI\u00a0(IO3)<\/h3>\n<\/blockquote>\n<p>In questo output, il consorzio preparer\u00e0 una guida metodica, su come trasferire il corso in un modulo online\/a distanza in caso di necessit\u00e0, in modo che il livello di apprendimento e di supporto rimanga all&#8217;incirca lo stesso e gli studenti con l&#8217;insegnante non perdano molto tempo nel loro percorso educativo. La guida passo passo spiegher\u00e0 in dettaglio come trasferire particolari tipologie di corsi.[\/vc_column_text][vc_column_text el_class=&#8221;mg-bottom-15&#8243;]<\/p>\n<blockquote>\n<h3>STRUMENTI A DISTANZA, PER AUTOVALUTAZIONE \/ VALUTAZIONE DI STUDENTI, INSEGNANTI E FACILITATORI (IO4)<\/h3>\n<\/blockquote>\n<p>Questo output dovr\u00e0 controllare la qualit\u00e0 del processo di apprendimento da parte di insegnanti, studenti e clienti, nonch\u00e9 l&#8217;organizzazione fluida del corso online\/a distanza, quindi anche dal lato del fornitore dei corsi. La valutazione delle attivit\u00e0 di apprendimento \u00e8 fondamentale sia per i corsi online di autoapprendimento che per quelli facilitati.[\/vc_column_text][vc_column_text el_class=&#8221;mg-bottom-15&#8243;]<\/p>\n<blockquote>\n<h3>GUIDA DEL CORSO PER INSEGNANTI, FACILITATORI E FORMATORI (IO6)<\/h3>\n<\/blockquote>\n<p>Una guida al corso per facilitatori e formatori di insegnanti mira a fornire alle aziende, scuole, universit\u00e0, centri di educazione linguistica, ONG e altri utenti uno strumento esplicativo metodico, come introdurre e spiegare l&#8217;architettura degli output e degli strumenti F2F2D a coloro che intendono usarli (insegnanti di lingue e docenti).<br \/>\nLa guida conterr\u00e0 una descrizione approfondita di ciascuno degli output e delle loro relazioni con gli altri e &#8211; oltre ad altri &#8211; una spiegazione passo passo, come utilizzare questa matrice di strumenti per costruire un materiale di supporto per l&#8217;apprendimento online\/a distanza per un particolare corso di lingua.[\/vc_column_text][\/vc_column][\/vc_row][vc_row][vc_column][vc_hoverbox image=&#8221;2831&#8243; primary_title=&#8221;Gli output e i prodotti del progetto saranno pubblicati con la licenza Creative Commons&#8221; primary_title_font_container=&#8221;font_size:29px|color:%23ffffff|line_height:39px&#8221; primary_title_google_fonts=&#8221;font_family:Oswald%3A300%2Cregular%2C700|font_style:700%20bold%20regular%3A700%3Anormal&#8221; hover_title=&#8221;Gli output e i prodotti del progetto saranno pubblicati sotto la licenza Creative Commons&#8221; el_width=&#8221;90&#8243; use_custom_fonts_primary_title=&#8221;true&#8221; el_class=&#8221;mg-bottom-120&#8243;]<\/p>\n<p style=\"text-align: center;\"><a href=\"https:\/\/creativecommons.org\/licenses\/by-sa\/4.0\/deed.it\" target=\"_blank\" rel=\"noopener\">Attribuzione &#8211; Condividi allo stesso modo 4.0 Internazionale (CC BY-SA 4.0)<\/a><a href=\"https:\/\/creativecommons.org\/licenses\/by-sa\/4.0\/deed.it\" target=\"_blank\" rel=\"noopener\"><img loading=\"lazy\" class=\"alignleft wp-image-3643 size-full\" src=\"http:\/\/www.f2f2d.eu\/site\/wp-content\/uploads\/2021\/10\/Logo_CC_IT.jpg\" alt=\"\" width=\"300\" height=\"126\" \/><\/a><\/p>\n<p>Tu sei libero di: Condividere &#8211; riprodurre, distribuire, comunicare al pubblico, esporre in pubblico, rappresentare, eseguire e recitare questo materiale con qualsiasi mezzo e formato.<br \/>\nModificare &#8211; remixare, trasformare il materiale e basarti su di esso per le tue opere per qualsiasi fine, anche commerciale.[\/vc_hoverbox][\/vc_column][\/vc_row]<\/p>\n","protected":false},"excerpt":{"rendered":"<p>[vc_row][vc_column][\/vc_column][vc_column][vc_message] I risultati intellettuali del progetto &#8220;F2F2D&#8221;. Per favore, scegli quello che si avvicina di pi\u00f9 alle tue esigenze. [\/vc_message][\/vc_column][vc_column][vc_column_text][caf_filter id=&#8217;4241&#8242;][\/vc_column_text][\/vc_column][\/vc_row][vc_row css=&#8221;.vc_custom_1648991508641{margin-top: 30px !important;margin-bottom: 10px !important;}&#8221;][vc_column][vc_separator color=&#8221;custom&#8221; border_width=&#8221;5&#8243; accent_color=&#8221;#ffbd32&#8243;][\/vc_column][\/vc_row][vc_row css=&#8221;.vc_custom_1622214373878{margin-bottom: 100px !important;}&#8221;][vc_column][vc_column_text el_class=&#8221;mg-bottom-15&#8243;] Una roadmap dei tipi di corsi di lingua per la modalit\u00e0 online (IO1) Lo studio prodotto sar\u00e0 una mappa che riassume le [&hellip;]<\/p>\n","protected":false},"author":1,"featured_media":0,"parent":0,"menu_order":0,"comment_status":"closed","ping_status":"open","template":"","meta":[],"_links":{"self":[{"href":"https:\/\/www.f2f2d.eu\/site\/it\/wp-json\/wp\/v2\/pages\/3251"}],"collection":[{"href":"https:\/\/www.f2f2d.eu\/site\/it\/wp-json\/wp\/v2\/pages"}],"about":[{"href":"https:\/\/www.f2f2d.eu\/site\/it\/wp-json\/wp\/v2\/types\/page"}],"author":[{"embeddable":true,"href":"https:\/\/www.f2f2d.eu\/site\/it\/wp-json\/wp\/v2\/users\/1"}],"replies":[{"embeddable":true,"href":"https:\/\/www.f2f2d.eu\/site\/it\/wp-json\/wp\/v2\/comments?post=3251"}],"version-history":[{"count":6,"href":"https:\/\/www.f2f2d.eu\/site\/it\/wp-json\/wp\/v2\/pages\/3251\/revisions"}],"predecessor-version":[{"id":4242,"href":"https:\/\/www.f2f2d.eu\/site\/it\/wp-json\/wp\/v2\/pages\/3251\/revisions\/4242"}],"wp:attachment":[{"href":"https:\/\/www.f2f2d.eu\/site\/it\/wp-json\/wp\/v2\/media?parent=3251"}],"curies":[{"name":"wp","href":"https:\/\/api.w.org\/{rel}","templated":true}]}}