{"id":3434,"date":"2021-05-11T09:27:14","date_gmt":"2021-05-11T08:27:14","guid":{"rendered":"http:\/\/www.f2f2d.eu\/site\/the-project\/"},"modified":"2022-09-02T11:02:57","modified_gmt":"2022-09-02T10:02:57","slug":"the-project","status":"publish","type":"page","link":"https:\/\/www.f2f2d.eu\/site\/pl\/the-project\/","title":{"rendered":"Projekt"},"content":{"rendered":"<p>[vc_row][vc_column][vc_column_text][\/vc_column_text][\/vc_column][\/vc_row][vc_row el_class=&#8221;mg-bottom-40&#8243;][vc_column]            <div class=\"heading color-dark text-center \" >\n                                    <span class=\"s-color\"><i class=\"fa fa-star\"><\/i><\/span>\n                                                <h2 class=\"heading-color fs-38\">\n                    Projekt 'F2F2D and back'                <\/h2>\n                            <\/div>\n            [vc_column_text css=&#8221;.vc_custom_1627048442429{margin-top: 10px !important;margin-right: 80px !important;margin-left: 80px !important;}&#8221;]<\/p>\r\n<p style=\"text-align: center;\"><strong><a href=\"https:\/\/www.eacea.ec.europa.eu\/grants_en\">Program Erasmus+<\/a> \u2013 <\/strong><em>Partnerstwa strategiczne dla edukacji doros\u0142ych<\/em><br \/>Projekt nr: 2020-1-DE02-KA204-007590<br \/><strong>Projekt trwa 24 miesi\u0105ce<br \/><\/strong><em>(od 2020-12-01 do 2022-11-30)<\/em><\/p>\r\n<p>&nbsp;<\/p>\r\n<p>[\/vc_column_text][vc_column_text css=&#8221;.vc_custom_1627048531042{margin-right: 80px !important;margin-left: 80px !important;}&#8221;]<\/p>\r\n<p>Sytuacja w Europie zmieni\u0142a si\u0119 dramatycznie w ostatnich miesi\u0105cach ze wzgl\u0119du na og\u0142oszenie pandemii COVID-19 i nast\u0119puj\u0105ce po tym zamkni\u0119cie wi\u0119kszo\u015bci instytucji \u015bwiadcz\u0105cych us\u0142ugi edukacyjne. W tych okoliczno\u015bciach kursy j\u0119zykowe ucierpia\u0142y szczeg\u00f3lnie. Instytucje edukacyjne zamkn\u0119\u0142y swoje drzwi przed studentami, b\u0119d\u0105c jednocze\u015bnie zmuszone do szybkiego zapewnienia alternatywy online dla nauczania stacjonarnego.<\/p>\r\n<p><img loading=\"lazy\" class=\"size-full wp-image-2856 alignleft\" src=\"http:\/\/www.f2f2d.eu\/site\/wp-content\/uploads\/2021\/05\/h3-icon-3.png\" alt=\"\" width=\"53\" height=\"54\" \/>Edukacja online jest obecnie bardzo cz\u0119sto pojawiaj\u0105cym si\u0119 has\u0142em. Mimo, \u017ce nauczanie online jest ju\u017c wszechobecne, zar\u00f3wno studenci jak i nauczyciele cz\u0119sto nie uwa\u017caj\u0105 go za efektywne i satysfakcjonuj\u0105ce. Istniej\u0105 dziesi\u0105tki platform i narz\u0119dzi dost\u0119pnych w przestrzeni online, ale sprawne wybieranie z ich niewyczerpanych zasob\u00f3w i dostosowywanie ich do swoich kurs\u00f3w sprawia lektorom trudno\u015b\u0107.<\/p>\r\n<blockquote>\r\n<p>Projekt 'F2F2D (Face to Face to Distance) and back' ma na celu u\u0142atwienie sprawnego przechodzenia na nauczanie online w ramach prowadzonych kurs\u00f3w, jak r\u00f3wnie\u017c \u0142atwego powrotu do formu\u0142y stacjonarnej, je\u015bli taka b\u0119dzie potrzeba.<\/p>\r\n<\/blockquote>\r\n<p>&nbsp;<\/p>\r\n<p>[\/vc_column_text][\/vc_column][\/vc_row][vc_row layout=&#8221;container&#8221; el_class=&#8221;mg-bottom-60&#8243;][vc_column width=&#8221;1\/3&#8243;]\t\t\t<div class=\"iconbox style6 color-dark pd-bottom-60\" >\n                <div>\n                                                <i style=\"color: #5d3273\" class=\"fas fa-globe\"><\/i>\n                                        <\/div>\n                                <a class=\"p-font heading-color\" title=\"O NAS\" target=\"_self\" href=\"#\">O NAS<\/a>\n                                <p>Jak szybko i skutecznie zmienia\u0107 formu\u0142\u0119 kurs\u00f3w j\u0119zykowych ze stacjonarnej na online (F2F2D).<\/p>\n                \t\t\t<\/div>\n            \t\t\t<div class=\"iconbox style6 color-dark pd-bottom-60\" >\n                <div>\n                                                <i style=\"color: #bf2171\" class=\"fa fa-thumbs-o-up\"><\/i>\n                                        <\/div>\n                                <a class=\"p-font heading-color\" title=\"POWODY\" target=\"_self\" href=\"#\">POWODY<\/a>\n                                <p>Szybko\u015b\u0107 i prostota s\u0105 kluczowymi czynnikami przy wprowadzaniu zmian w nauczaniu. Projekt `F2F2D and back\u2019 powsta\u0142 z my\u015bl\u0105, aby oszcz\u0119dzi\u0107 czas i wysi\u0142ek instytucji edukacyjnych w kt\u00f3rych kontynuowanie proces\u00f3w edukacyjnych w tradycyjny spos\u00f3b jest zagro\u017cone, w sytuacji podobnych wydarze\u0144 do tych z jakimi mieli\u015bmy do czynienia w zwi\u0105zku z wybuchem pandemii COVID-19.<\/p>\n                \t\t\t<\/div>\n            [\/vc_column][vc_column width=&#8221;1\/3&#8243;][vc_single_image image=&#8221;361&#8243; img_size=&#8221;372&#215;354&#8243; alignment=&#8221;center&#8221;][\/vc_column][vc_column width=&#8221;1\/3&#8243;]\t\t\t<div class=\"iconbox style5 color-dark pd-bottom-60\" >\n                <div>\n                                                <i style=\"color: #bf2171\" class=\"fas fa-bullseye\"><\/i>\n                                        <\/div>\n                                <a class=\"p-font heading-color\" title=\"NASZA MISJA\" target=\"_self\" href=\"#\">NASZA MISJA<\/a>\n                                <p>Celem projektu jest opracowanie ram koncepcyjnych dla sprawnej transformacji r\u00f3\u017cnych typ\u00f3w kurs\u00f3w stacjonarnych w formu\u0142\u0119 online.<\/p>\n                \t\t\t<\/div>\n            \t\t\t<div class=\"iconbox style5 color-dark pd-bottom-60\" >\n                <div>\n                                                <i style=\"color: #ed8d37\" class=\"fa fa-laptop\"><\/i>\n                                        <\/div>\n                                <a class=\"p-font heading-color\" title=\"NASZA STRATEGIA\" target=\"_self\" href=\"#\">NASZA STRATEGIA<\/a>\n                                <p>to opracowanie skutecznej metody wraz z narz\u0119dziami uzupe\u0142niaj\u0105cymi, tak aby poszczeg\u00f3lne kursy j\u0119zykowe mog\u0142y by\u0107 szybko przekszta\u0142cone z formu\u0142y stacjonarnej w efektywn\u0105 formu\u0142\u0119 online i odwrotnie.<\/p>\n                \t\t\t<\/div>\n            [\/vc_column][\/vc_row][vc_row equal_height=&#8221;yes&#8221; el_class=&#8221;vc_row-no-padding&#8221; css=&#8221;.vc_custom_1622227659402{margin-bottom: 100px !important;}&#8221;][vc_column width=&#8221;1\/6&#8243;][\/vc_column][vc_column width=&#8221;2\/6&#8243;][vc_row_inner el_class=&#8221;icon-same-height&#8221;][vc_column_inner css=&#8221;.vc_custom_1622227034711{padding-right: 10px !important;background-color: #2fa7cb !important;}&#8221;]\t\t\t<div class=\"iconbox style2 color-light \" >\n                <div style=\"background-color: #ffbc33; color:#ffbc33\">\n                                                <i class=\"fa fa-area-chart\"><\/i>\n                                        <\/div>\n                                <a class=\"p-font heading-color\" title=\"NASZA SI\u0141A\" target=\"_self\" href=\"#\">NASZA SI\u0141A<\/a>\n                                <p>to konsorcjum 6 partner\u00f3w z Niemiec, Czech, W\u0142och, Polski i Bu\u0142garii.<\/p>\n                \t\t\t<\/div>\n            [\/vc_column_inner][vc_column_inner css=&#8221;.vc_custom_1622227029272{padding-right: 10px !important;background-color: #2fa7cb !important;}&#8221;]\t\t\t<div class=\"iconbox style2 color-light \" >\n                <div style=\"background-color: #ffbc33; color:#ffbc33\">\n                                                <i class=\"fa fa-trophy\"><\/i>\n                                        <\/div>\n                                <a class=\"p-font heading-color\" title=\"REZULTATY PROJEKTU\" target=\"_self\" href=\"#\">REZULTATY PROJEKTU<\/a>\n                                <p>\u2022 Analiza potrzeb przekszta\u0142cania kurs\u00f3w;<br \/>\u2022 Przewodnik dla nauczycieli na temat dost\u0119pnych metod i narz\u0119dzi transferu;<br \/>\u2022 Instrukcja przekszta\u0142cania kurs\u00f3w;<br \/>\u2022 Narz\u0119dzia dla uczni\u00f3w, nauczycieli i szk\u00f3\u0142 do prowadzenia na odleg\u0142o\u015b\u0107 procesu samooceny i oceniania;<br \/>\u2022 Przewodnik po kursie dla nauczycieli.<\/p>\n                \t\t\t<\/div>\n            [\/vc_column_inner][vc_column_inner css=&#8221;.vc_custom_1622227041727{padding-right: 10px !important;background-color: #2fa7cb !important;}&#8221;]\t\t\t<div class=\"iconbox style2 color-light \" >\n                <div style=\"background-color: #ffbc33; color:#ffbc33\">\n                                                <i class=\"fa fa-key\"><\/i>\n                                        <\/div>\n                                <a class=\"p-font heading-color\" title=\"GRUPY DOCELOWE\" target=\"_self\" href=\"#\">GRUPY DOCELOWE<\/a>\n                                <p>Uczestnicy i nauczyciele kurs\u00f3w stacjonarnych, organizatorzy kurs\u00f3w j\u0119zykowych, organizacje pozarz\u0105dowe, w\u0142adze regionalne \/ krajowe i decydenci w dziedzinie edukacji, pozostali interesariusze.<\/p>\n                \t\t\t<\/div>\n            [\/vc_column_inner][\/vc_row_inner][\/vc_column][vc_column width=&#8221;2\/6&#8243;][vc_empty_space height=&#8221;670px&#8221; css=&#8221;.vc_custom_1621513858517{background-image: url(http:\/\/www.f2f2d.eu\/site\/wp-content\/uploads\/2021\/01\/background-4.jpg?id=867) !important;background-position: center !important;background-repeat: no-repeat !important;background-size: cover !important;}&#8221;][\/vc_column][vc_column width=&#8221;1\/6&#8243;][\/vc_column][\/vc_row][vc_row el_class=&#8221;mg-bottom-120&#8243;][vc_column][vc_column_text]<\/p>\r\n<p>[\/vc_column_text][\/vc_column][\/vc_row]<\/p>","protected":false},"excerpt":{"rendered":"<p>[vc_row][vc_column][vc_column_text][\/vc_column_text][\/vc_column][\/vc_row][vc_row el_class=&#8221;mg-bottom-40&#8243;][vc_column][vc_column_text css=&#8221;.vc_custom_1627048442429{margin-top: 10px !important;margin-right: 80px !important;margin-left: 80px !important;}&#8221;] Program Erasmus+ \u2013 Partnerstwa strategiczne dla edukacji doros\u0142ychProjekt nr: 2020-1-DE02-KA204-007590Projekt trwa 24 miesi\u0105ce(od 2020-12-01 do 2022-11-30) &nbsp; [\/vc_column_text][vc_column_text css=&#8221;.vc_custom_1627048531042{margin-right: 80px !important;margin-left: 80px !important;}&#8221;] Sytuacja w Europie zmieni\u0142a si\u0119 dramatycznie w ostatnich miesi\u0105cach ze wzgl\u0119du na og\u0142oszenie pandemii COVID-19 i nast\u0119puj\u0105ce po tym zamkni\u0119cie wi\u0119kszo\u015bci instytucji \u015bwiadcz\u0105cych [&hellip;]<\/p>\n","protected":false},"author":1,"featured_media":0,"parent":0,"menu_order":0,"comment_status":"closed","ping_status":"closed","template":"","meta":[],"_links":{"self":[{"href":"https:\/\/www.f2f2d.eu\/site\/pl\/wp-json\/wp\/v2\/pages\/3434"}],"collection":[{"href":"https:\/\/www.f2f2d.eu\/site\/pl\/wp-json\/wp\/v2\/pages"}],"about":[{"href":"https:\/\/www.f2f2d.eu\/site\/pl\/wp-json\/wp\/v2\/types\/page"}],"author":[{"embeddable":true,"href":"https:\/\/www.f2f2d.eu\/site\/pl\/wp-json\/wp\/v2\/users\/1"}],"replies":[{"embeddable":true,"href":"https:\/\/www.f2f2d.eu\/site\/pl\/wp-json\/wp\/v2\/comments?post=3434"}],"version-history":[{"count":4,"href":"https:\/\/www.f2f2d.eu\/site\/pl\/wp-json\/wp\/v2\/pages\/3434\/revisions"}],"predecessor-version":[{"id":4011,"href":"https:\/\/www.f2f2d.eu\/site\/pl\/wp-json\/wp\/v2\/pages\/3434\/revisions\/4011"}],"wp:attachment":[{"href":"https:\/\/www.f2f2d.eu\/site\/pl\/wp-json\/wp\/v2\/media?parent=3434"}],"curies":[{"name":"wp","href":"https:\/\/api.w.org\/{rel}","templated":true}]}}