{"id":3445,"date":"2021-01-16T12:37:10","date_gmt":"2021-01-16T12:37:10","guid":{"rendered":"http:\/\/www.f2f2d.eu\/site\/privacy-policy\/"},"modified":"2021-07-23T15:38:09","modified_gmt":"2021-07-23T14:38:09","slug":"privacy-policy","status":"publish","type":"page","link":"https:\/\/www.f2f2d.eu\/site\/pl\/privacy-policy\/","title":{"rendered":"POLITYKA PRYWATNO\u015aCI"},"content":{"rendered":"<p>[vc_row el_class=&#8221;mg-bottom-60&#8243;][vc_column][vc_column_text][\/vc_column_text][vc_column_text css=&#8221;.vc_custom_1627051085961{margin-top: -15px !important;}&#8221;]<\/p>\r\n<h2>\u00a0<\/h2>\r\n<h2>KIM JESTE\u015aMY<\/h2>\r\n<p>Projekt realizowany jest przez konsorcjum 6 partner\u00f3w z Niemiec, Czech, W\u0142och, Polski i Bu\u0142garii.<\/p>\r\n<p>Stosuj\u0105c si\u0119 do przepis\u00f3w rozporz\u0105dzenia (UE) 2016\/679 (dalej &#8222;GDPR&#8221;), pragniemy poinformowa\u0107 o celach i metodach przetwarzania danych osobowych uzyskanych podczas korzystania ze strony internetowej www.f2f2d.eu i \/ lub korzystanie z okre\u015blonych us\u0142ug udost\u0119pnionych u\u017cytkownikowi \/ odwiedzaj\u0105cemu za po\u015brednictwem tej strony internetowej.<br \/>Dane zebrane na tej stronie s\u0105 przetwarzane przez administratora strony: Associazione Innovamentis (W\u0142ochy). Dane kontaktowe operatora znajduj\u0105 si\u0119 na stronie partnerskiej serwisu.<\/p>\r\n<h2>JAKIE DANE OSOBOWE GROMADZIMY I DLACZEGO<\/h2>\r\n<p>Niekt\u00f3re dane s\u0105 zbierane, gdy nam je Pa\u0144stwo podaj\u0105. Mog\u0105 to by\u0107 na przyk\u0142ad dane wpisane w formularzu kontaktowym (np. e-mail). Inne dane s\u0105 zbierane automatycznie przez nasze systemy informatyczne, gdy odwiedzasz stron\u0119 internetow\u0105. S\u0105 to przede wszystkim dane techniczne, takie jak u\u017cywana przez Pa\u0144stwa przegl\u0105darka i system operacyjny lub kiedy odwiedzili Pa\u0144stwo stron\u0119. Dane te zbierane s\u0105 automatycznie w momencie wej\u015bcia na nasz\u0105 stron\u0119 internetow\u0105.<\/p>\r\n<h3>FORMULARZE KONTAKTOWE<\/h3>\r\n<p>Je\u015bli prze\u015bl\u0105 nam Pa\u0144stwo pytania za po\u015brednictwem formularza kontaktowego, b\u0119dziemy zbiera\u0107 TYLKO e-mail wpisany w formularzu, wraz z podanymi przez Pa\u0144stwa danymi kontaktowymi, aby odpowiedzie\u0107 na Pa\u0144stwa pytanie i ewentualne pytania uzupe\u0142niaj\u0105ce. Nie udost\u0119pniamy tych informacji bez Pa\u0144stwa zgody.<br \/>Dane podane w formularzu kontaktowym b\u0119d\u0105 przechowywane do czasu, a\u017c za\u017c\u0105daj\u0105 Pa\u0144stwo ich usuni\u0119cia, cofn\u0105 zgod\u0119 na ich przechowywanie lub ustanie cel ich przechowywania (np. po zrealizowaniu Pa\u0144stwa zapytania). Niniejsze postanowienie nie narusza bezwzgl\u0119dnie obowi\u0105zuj\u0105cych przepis\u00f3w ustawowych, w szczeg\u00f3lno\u015bci tych dotycz\u0105cych obowi\u0105zkowego okresu przechowywania danych.<\/p>\r\n<h3>COOKIES<\/h3>\r\n<p>Niekt\u00f3re z naszych stron internetowych u\u017cywaj\u0105 plik\u00f3w cookie (tzw. Ciasteczka). Pliki cookie nie s\u0105 szkodliwe dla komputera i nie zawieraj\u0105 \u017cadnych wirus\u00f3w. Cookies pomagaj\u0105 uczyni\u0107 nasz\u0105 stron\u0119 bardziej przyjazn\u0105 dla u\u017cytkownika, wydajniejsz\u0105 i bezpieczniejsz\u0105. Cookies to ma\u0142e pliki tekstowe, kt\u00f3re s\u0105 zapisywane na Pa\u0144stwa komputerze i przechowywane przez przegl\u0105dark\u0119.<br \/>Wi\u0119kszo\u015b\u0107 u\u017cywanych przez nas ciasteczek to tak zwane &#8222;ciasteczka sesyjne&#8221;. S\u0105 one automatycznie usuwane po Pa\u0144stwa wizycie. Inne pliki cookie pozostaj\u0105 w pami\u0119ci urz\u0105dzenia do momentu ich usuni\u0119cia przez u\u017cytkownika. Te pliki cookie umo\u017cliwiaj\u0105 rozpoznanie Pa\u0144stwa przegl\u0105darki przy nast\u0119pnej wizycie na stronie.<br \/>U\u017cytkownik mo\u017ce skonfigurowa\u0107 swoj\u0105 przegl\u0105dark\u0119 tak, aby informowa\u0142a go o u\u017cywaniu plik\u00f3w cookie, dzi\u0119ki czemu b\u0119dzie m\u00f3g\u0142 w ka\u017cdym przypadku zdecydowa\u0107, czy zaakceptowa\u0107 czy odrzuci\u0107 plik cookie. Alternatywnie, przegl\u0105darka mo\u017ce by\u0107 skonfigurowana tak, aby automatycznie akceptowa\u0142a pliki cookie pod pewnymi warunkami lub zawsze je odrzuca\u0142a, lub aby automatycznie usuwa\u0142a pliki cookie po zamkni\u0119ciu przegl\u0105darki. Wy\u0142\u0105czenie plik\u00f3w cookie mo\u017ce ograniczy\u0107 funkcjonalno\u015b\u0107 tej strony internetowej.<\/p>\r\n<h3>OSADZONA ZAWARTO\u015a\u0106 Z INNYCH STRON INTERNETOWYCH<\/h3>\r\n<p>Artyku\u0142y na tej stronie mog\u0105 zawiera\u0107 osadzone tre\u015bci (np. filmy, obrazy, artyku\u0142y itp.). Osadzone tre\u015bci z innych stron internetowych zachowuj\u0105 si\u0119 dok\u0142adnie tak samo, jak gdyby odwiedzaj\u0105cy odwiedzi\u0142 inn\u0105 stron\u0119 internetow\u0105. Te strony internetowe mog\u0105 zbiera\u0107 dane osobowe, u\u017cywa\u0107 plik\u00f3w cookie, osadza\u0107 dodatkowe \u015bledzenie stron trzecich i monitorowa\u0107 Pa\u0144stwa interakcj\u0119 z t\u0105 osadzon\u0105 tre\u015bci\u0105, w tym \u015bledzi\u0107 interakcj\u0119 z osadzon\u0105 tre\u015bci\u0105, je\u015bli u\u017cytkownik masz konto i jest zalogowany na danej stronie.<\/p>\r\n<h3>ANALITYKA<\/h3>\r\n<p>Podczas odwiedzania naszej strony internetowej, mog\u0105 by\u0107 realizowane analizy statystyczne dotycz\u0105ce przegl\u0105dania tej strony. Odbywa si\u0119 to g\u0142\u00f3wnie za pomoc\u0105 plik\u00f3w cookie i analityki. Analiza to jest z regu\u0142y anonimowa, tzn. nie jeste\u015bmy w stanie zidentyfikowa\u0107 Pa\u0144stwa na podstawie tych danych. Mog\u0105 Pa\u0144stwo sprzeciwi\u0107 si\u0119 tej analizie lub jej zapobiec, rezygnuj\u0105c z korzystania z okre\u015blonych narz\u0119dzi: https:\/\/www.designerblogs.com\/how-to-block-google-analytics-from-tracking-your-own-visits\/<\/p>\r\n<h3>UDOST\u0118PNIANIE TRE\u015aCI ZA POMOC\u0104 WTYCZEK (FACEBOOK, TWITTER, ITP.)<\/h3>\r\n<p>Na naszej stronie internetowej oferujemy Pa\u0144stwu mo\u017cliwo\u015b\u0107 korzystania z tak zwanych &#8222;przycisk\u00f3w medi\u00f3w spo\u0142eczno\u015bciowych&#8221;. Je\u015bli klikn\u0105 Pa\u0144stwo na taki przycisk, zostan\u0105 Pa\u0144stwo przekierowani na odpowiedni\u0105 stron\u0119 portalu spo\u0142eczno\u015bciowego w taki sam spos\u00f3b, jak w przypadku zwyk\u0142ych link\u00f3w. W tym momencie dostawca portalu spo\u0142eczno\u015bciowego otrzyma informacje Pa\u0144stwie, na przyk\u0142ad adres IP. Je\u015bli nie klikniesz na taki przycisk udost\u0119pniania, nie zostan\u0105 przes\u0142ane \u017cadne dane. Informacje na temat gromadzenia i wykorzystywania Pa\u0144stwa danych na portalach spo\u0142eczno\u015bciowych mo\u017cna znale\u017a\u0107 w warunkach u\u017cytkowania danego operatora.<br \/>Na naszej stronie internetowej oferujemy przyciski udost\u0119pniania dla nast\u0119puj\u0105cych us\u0142ug \/ firm: Facebook, Twitter, LInkedIn.<\/p>\r\n<h2>KOMU UDOST\u0118PNIAMY TWOJE DANE<\/h2>\r\n<p>Operator tej strony internetowej bardzo powa\u017cnie traktuje ochron\u0119 Pa\u0144stwa danych osobowych. Traktujemy Pa\u0144stwa dane osobowe jako poufne i zgodnie z ustawowymi przepisami o ochronie danych osobowych oraz z niniejsz\u0105 polityk\u0105 prywatno\u015bci. W przypadku korzystania z tej strony internetowej gromadzone s\u0105 wy\u0142\u0105cznie dane dotycz\u0105ce Pa\u0144stwa adresu e-mail.<br \/>Nale\u017cy pami\u0119ta\u0107, \u017ce dane przekazywane za po\u015brednictwem Internetu (np. poprzez komunikacj\u0119 mailow\u0105) mog\u0105 by\u0107 nara\u017cone na naruszenia bezpiecze\u0144stwa. Pe\u0142na ochrona Pa\u0144stwa danych przed dost\u0119pem os\u00f3b trzecich nie jest mo\u017cliwa.<\/p>\r\n<h2>JAK D\u0141UGO PRZECHOWUJEMY DANE<\/h2>\r\n<p>Je\u015bli zostawisz komentarz, zar\u00f3wno on jak i jego metadane s\u0105 przechowywane przez czas nieokre\u015blony. Dzi\u0119ki temu mo\u017cemy automatycznie rozpoznawa\u0107 i zatwierdza\u0107 kolejne komentarze, zamiast zatrzymywa\u0107 je w kolejce do moderacji. W przypadku u\u017cytkownik\u00f3w, kt\u00f3rzy zarejestrowali si\u0119 na naszej stronie (je\u015bli tacy istniej\u0105), przechowujemy r\u00f3wnie\u017c dane osobowe, kt\u00f3re podali w swoim profilu u\u017cytkownika. Wszyscy u\u017cytkownicy mog\u0105 zobaczy\u0107, edytowa\u0107 lub usun\u0105\u0107 swoje dane osobowe w dowolnym momencie (z wyj\u0105tkiem braku mo\u017cliwo\u015bci zmiany nazwy u\u017cytkownika). Administrator strony r\u00f3wnie\u017c mo\u017ce zobaczy\u0107 i edytowa\u0107 te informacje.<br \/>Komentarze NIE s\u0105 w\u0142\u0105czone na tej stronie.<\/p>\r\n<p>&nbsp;<\/p>\r\n<p>[\/vc_column_text][vc_column_text css=&#8221;.vc_custom_1627050875515{margin-top: -15px !important;}&#8221;]<\/p>\r\n<h2>JAKIE PRAWA MASZ W STOSUNKU DO SWOICH DANYCH<\/h2>\r\n<p>Zgodnie z prawem, masz prawo do uzyskania w dowolnym momencie bezp\u0142atnej informacji na temat swoich danych osobowych, kt\u00f3re s\u0105 przechowywane, jak r\u00f3wnie\u017c ich pochodzenia, odbiorcy i celu, dla kt\u00f3rego zosta\u0142y przetworzone. Maj\u0105 Pa\u0144stwo r\u00f3wnie\u017c prawo do sprostowania, zablokowania lub usuni\u0119cia tych danych. W przypadku dalszych pyta\u0144 na temat danych osobowych mog\u0105 Pa\u0144stwo w ka\u017cdej chwili skontaktowa\u0107 si\u0119 z nami, korzystaj\u0105c z adresu podanego na naszej stronie internetowej.<\/p>\r\n<p>&nbsp;<\/p>\r\n<p>\u00a0<\/p>\r\n<p>\u00a0<\/p>\r\n<p>[\/vc_column_text][\/vc_column][\/vc_row]<\/p>","protected":false},"excerpt":{"rendered":"<p>[vc_row el_class=&#8221;mg-bottom-60&#8243;][vc_column][vc_column_text][\/vc_column_text][vc_column_text css=&#8221;.vc_custom_1627051085961{margin-top: -15px !important;}&#8221;] \u00a0 KIM JESTE\u015aMY Projekt realizowany jest przez konsorcjum 6 partner\u00f3w z Niemiec, Czech, W\u0142och, Polski i Bu\u0142garii. Stosuj\u0105c si\u0119 do przepis\u00f3w rozporz\u0105dzenia (UE) 2016\/679 (dalej &#8222;GDPR&#8221;), pragniemy poinformowa\u0107 o celach i metodach przetwarzania danych osobowych uzyskanych podczas korzystania ze strony internetowej www.f2f2d.eu i \/ lub korzystanie z okre\u015blonych us\u0142ug udost\u0119pnionych [&hellip;]<\/p>\n","protected":false},"author":1,"featured_media":0,"parent":0,"menu_order":0,"comment_status":"closed","ping_status":"open","template":"","meta":[],"_links":{"self":[{"href":"https:\/\/www.f2f2d.eu\/site\/pl\/wp-json\/wp\/v2\/pages\/3445"}],"collection":[{"href":"https:\/\/www.f2f2d.eu\/site\/pl\/wp-json\/wp\/v2\/pages"}],"about":[{"href":"https:\/\/www.f2f2d.eu\/site\/pl\/wp-json\/wp\/v2\/types\/page"}],"author":[{"embeddable":true,"href":"https:\/\/www.f2f2d.eu\/site\/pl\/wp-json\/wp\/v2\/users\/1"}],"replies":[{"embeddable":true,"href":"https:\/\/www.f2f2d.eu\/site\/pl\/wp-json\/wp\/v2\/comments?post=3445"}],"version-history":[{"count":5,"href":"https:\/\/www.f2f2d.eu\/site\/pl\/wp-json\/wp\/v2\/pages\/3445\/revisions"}],"predecessor-version":[{"id":3455,"href":"https:\/\/www.f2f2d.eu\/site\/pl\/wp-json\/wp\/v2\/pages\/3445\/revisions\/3455"}],"wp:attachment":[{"href":"https:\/\/www.f2f2d.eu\/site\/pl\/wp-json\/wp\/v2\/media?parent=3445"}],"curies":[{"name":"wp","href":"https:\/\/api.w.org\/{rel}","templated":true}]}}