{"id":4137,"date":"2022-11-11T19:33:49","date_gmt":"2022-11-11T18:33:49","guid":{"rendered":"http:\/\/www.f2f2d.eu\/site\/the-project-copy-2\/"},"modified":"2022-12-16T19:34:00","modified_gmt":"2022-12-16T18:34:00","slug":"final-conference","status":"publish","type":"page","link":"https:\/\/www.f2f2d.eu\/site\/final-conference\/","title":{"rendered":"Final conference"},"content":{"rendered":"<p>[vc_row][vc_column][vc_column_text][\/vc_column_text][\/vc_column][\/vc_row][vc_row el_class=&#8221;mg-bottom-40&#8243;][vc_column]            <div class=\"heading color-dark text-center \" >\n                                    <span class=\"s-color\"><i class=\"fa fa-star\"><\/i><\/span>\n                                                <h2 class=\"heading-color fs-38\">\n                    'F2F2D and back' PROJECT                <\/h2>\n                            <\/div>\n            [vc_separator color=&#8221;custom&#8221; style=&#8221;dotted&#8221; border_width=&#8221;3&#8243; accent_color=&#8221;#ffbd33&#8243; css=&#8221;.vc_custom_1668193139854{margin-top: 20px !important;margin-bottom: 20px !important;}&#8221;][vc_column_text css=&#8221;.vc_custom_1671215636304{margin-top: 10px !important;margin-right: 80px !important;margin-left: 80px !important;}&#8221;]<\/p>\r\n<p><em><strong><img loading=\"lazy\" class=\"size-full wp-image-4140 alignleft\" src=\"http:\/\/www.f2f2d.eu\/site\/wp-content\/uploads\/2022\/11\/en.png\" alt=\"\" width=\"18\" height=\"12\" \/><br \/><\/strong><\/em><\/p>\r\n<p>The Erasmus+ project \u201eF2F2D and back\u201c came to an end and culminated in the final online conference. <strong>This conference was organized by the Innovation in Learning Institute (ILI) with the partner organisations.<\/strong><\/p>\r\n<p>You can watch the interesting keynote speeches on our ILI youtube channel:<\/p>\r\n<blockquote>\r\n<p><strong>Keynote 1: The use of news videos in foreign language learning (Dr. Ramona Sch\u00f6pf)<\/strong><\/p>\r\n<\/blockquote>\r\n<p>Ramona Schr\u00f6pf teaches Intercultural Management and Business Communication in English and French at the Department of Economics at Dortmund University of Applied Sciences and Arts. She will give insight on how to didactically use the news as a starting point for teaching language.<\/p>\r\n<p><iframe title=\"\u201eThe use of news videos in foreign language learning\u201c - Dr. Ramona Schr\u00f6pf  (F2F2D final conference)\" width=\"500\" height=\"281\" src=\"https:\/\/www.youtube.com\/embed\/eZoINcwJYEo?feature=oembed\" frameborder=\"0\" allow=\"accelerometer; autoplay; clipboard-write; encrypted-media; gyroscope; picture-in-picture\" allowfullscreen><\/iframe><\/p>\r\n<blockquote>\r\n<p><strong>Keynote 2: Insights of a E-Learning designer &amp; teacher trainer: 10 principles how to survive in online language courses without losing faith (Tobias Wildner)<\/strong><\/p>\r\n<\/blockquote>\r\n<p>Tobias Wildner is a programme manager at the Adult Education Centre in Nuremberg, a trainer for German as a foreign language and an advanced trainer for teachers in adult education. He is currently supporting the conception of digital teaching and learning at six Bavarian Universities of Fine Arts and Musik.<\/p>\r\n<p><iframe title=\"\u201e10 principles how to survive in online language courses without losing faith\u201c \u2013 Tobias Wildner\" width=\"500\" height=\"281\" src=\"https:\/\/www.youtube.com\/embed\/HXyBx-wDDeY?feature=oembed\" frameborder=\"0\" allow=\"accelerometer; autoplay; clipboard-write; encrypted-media; gyroscope; picture-in-picture\" allowfullscreen><\/iframe><\/p>\r\n<p>[\/vc_column_text][vc_separator color=&#8221;custom&#8221; style=&#8221;dotted&#8221; border_width=&#8221;3&#8243; accent_color=&#8221;#ffbd33&#8243; css=&#8221;.vc_custom_1668193139854{margin-top: 20px !important;margin-bottom: 20px !important;}&#8221;][vc_column_text css=&#8221;.vc_custom_1668605059042{margin-top: 10px !important;margin-right: 80px !important;margin-left: 80px !important;}&#8221;]<\/p>\r\n<p><em><strong><img loading=\"lazy\" class=\"size-full wp-image-4140 alignleft\" src=\"http:\/\/www.f2f2d.eu\/site\/wp-content\/uploads\/2022\/11\/en.png\" alt=\"\" width=\"18\" height=\"12\" \/>\u00a0<\/strong><\/em><\/p>\r\n<p><strong>Date and time: 28 November 2022 &#8211; start on 10 am CET<br \/>\ud83d\udcdd <a href=\"https:\/\/www.f2f2d.eu\/site\/wp-content\/uploads\/2022\/11\/flyer_conference.pdf\" target=\"_blank\" rel=\"noopener\">Download flyer of final conference<\/a><br \/><\/strong><\/p>\r\n<p><strong>How to transfer language courses from face-to-face to online\/distance format?<\/strong><br \/>Digital tools and concepts help to redesign language courses in the context of adult education. In the NewNormal, online and blended formats are introduced that ideally combine the advantages of synchronous and asynchronous sessions. Learners and teachers can thus gain new degrees of freedom, both in terms of the learning process and the organization of learning.<\/p>\r\n<p><strong>But which concepts are there, how do they work and why?<\/strong><br \/>Based on practical examples and the presentation of results from the European project Face-to-face to distance, these and other questions will be discussed and possible answers developed.<br \/><strong>The conference will take place online.<\/strong><\/p>\r\n<blockquote>\r\n<p><a href=\"https:\/\/www.ili.fau.de\/registration-f2f2d-final-conference\/\" target=\"_blank\" rel=\"noopener\"><strong>\ud83d\udcbb\u00a0 Registration at www.f2f2d.eu is required.\u00a0<\/strong><\/a><\/p>\r\n<\/blockquote>\r\n<p><em>The conference is part of the Erasmus+ project &#8220;F2F2D and back&#8221; and is organized by the Institute for <strong><a href=\"https:\/\/www.f2f2d.eu\/site\/partnership\/fau\/\" target=\"_blank\" rel=\"noopener\">Innovation in Learning (ILI)<\/a><\/strong> of the Friedrich-Alexander-University Erlangen-Nuremberg in cooperation with the partner organisation.<\/em><\/p>\r\n<p>[\/vc_column_text][vc_separator color=&#8221;custom&#8221; style=&#8221;dotted&#8221; border_width=&#8221;3&#8243; accent_color=&#8221;#ffbd33&#8243; css=&#8221;.vc_custom_1668193139854{margin-top: 20px !important;margin-bottom: 20px !important;}&#8221;][vc_column_text css=&#8221;.vc_custom_1668334658763{margin-right: 80px !important;margin-bottom: 50px !important;margin-left: 80px !important;}&#8221;]<\/p>\r\n<p><em><strong><img loading=\"lazy\" class=\"size-full wp-image-4146 alignleft\" src=\"http:\/\/www.f2f2d.eu\/site\/wp-content\/uploads\/2022\/11\/de.png\" alt=\"\" width=\"18\" height=\"12\" \/>\u00a0<\/strong><\/em><\/p>\r\n<p><strong>Datum und Uhrzeit: 28. November 2022 &#8211; Beginn um 10:00 Uhr MEZ<\/strong><\/p>\r\n<p><strong>Wie kann man Sprachkurse von der Pr\u00e4senz- auf die Online-\/Fernform \u00fcbertragen?<\/strong><br \/>Digitale Tools und Konzepte helfen, Sprachkurse im Kontext der Erwachsenenbildung neu zu gestalten. In der NewNormal werden Online- und Blended-Formate eingef\u00fchrt, die die Vorteile von synchronen und asynchronen Sitzungen ideal kombinieren. Lernende und Lehrende k\u00f6nnen so neue Freiheitsgrade gewinnen, sowohl im Hinblick auf den Lernprozess als auch auf die Organisation des Lernens.<\/p>\r\n<p><strong>Doch welche Konzepte gibt es, wie funktionieren sie und warum?<\/strong><br \/>Anhand von Beispielen aus der Praxis sowie der Pr\u00e4sentation von Ergebnissen aus dem europ\u00e4ischen Projekt Face-to-face to distance werden diese und weitere Fragen diskutiert und m\u00f6gliche Antworten erarbeitet.<br \/><strong>Die Konferenz findet online statt.<\/strong><\/p>\r\n<blockquote>\r\n<p><strong><a href=\"https:\/\/www.ili.fau.de\/registration-f2f2d-final-conference\/\" target=\"_blank\" rel=\"noopener\">\ud83d\udcbb\u00a0 <\/a><a href=\"https:\/\/www.ili.fau.de\/registration-f2f2d-final-conference\/\" target=\"_blank\" rel=\"noopener\">EINE ANMELDUNG UNTER WWW.F2F2D.EU IST ERFORDERLICH.<\/a><\/strong><\/p>\r\n<\/blockquote>\r\n<p><em>Die Konferenz ist Teil des Erasmus+ Projekts &#8220;F2F2D and back&#8221; und wird vom <a href=\"https:\/\/www.f2f2d.eu\/site\/de\/partnership\/fau\/\" target=\"_blank\" rel=\"noopener\"><strong>Institut f\u00fcr Innovation im Lernen (ILI)<\/strong><\/a> der Friedrich-Alexander-Universit\u00e4t Erlangen-N\u00fcrnberg organisiert in Zusammenarbeit mit den partnerorganisation.<\/em><\/p>\r\n<p>[\/vc_column_text][\/vc_column][\/vc_row][vc_row][vc_column][\/vc_column][\/vc_row]<\/p>","protected":false},"excerpt":{"rendered":"<p>[vc_row][vc_column][vc_column_text][\/vc_column_text][\/vc_column][\/vc_row][vc_row el_class=&#8221;mg-bottom-40&#8243;][vc_column][vc_separator color=&#8221;custom&#8221; style=&#8221;dotted&#8221; border_width=&#8221;3&#8243; accent_color=&#8221;#ffbd33&#8243; css=&#8221;.vc_custom_1668193139854{margin-top: 20px !important;margin-bottom: 20px !important;}&#8221;][vc_column_text css=&#8221;.vc_custom_1671215636304{margin-top: 10px !important;margin-right: 80px !important;margin-left: 80px !important;}&#8221;] The Erasmus+ project \u201eF2F2D and back\u201c came to an end and culminated in the final online conference. This conference was organized by the Innovation in Learning Institute (ILI) with the partner organisations. You can watch the interesting [&hellip;]<\/p>\n","protected":false},"author":1,"featured_media":0,"parent":0,"menu_order":0,"comment_status":"closed","ping_status":"closed","template":"","meta":[],"_links":{"self":[{"href":"https:\/\/www.f2f2d.eu\/site\/wp-json\/wp\/v2\/pages\/4137"}],"collection":[{"href":"https:\/\/www.f2f2d.eu\/site\/wp-json\/wp\/v2\/pages"}],"about":[{"href":"https:\/\/www.f2f2d.eu\/site\/wp-json\/wp\/v2\/types\/page"}],"author":[{"embeddable":true,"href":"https:\/\/www.f2f2d.eu\/site\/wp-json\/wp\/v2\/users\/1"}],"replies":[{"embeddable":true,"href":"https:\/\/www.f2f2d.eu\/site\/wp-json\/wp\/v2\/comments?post=4137"}],"version-history":[{"count":5,"href":"https:\/\/www.f2f2d.eu\/site\/wp-json\/wp\/v2\/pages\/4137\/revisions"}],"predecessor-version":[{"id":4289,"href":"https:\/\/www.f2f2d.eu\/site\/wp-json\/wp\/v2\/pages\/4137\/revisions\/4289"}],"wp:attachment":[{"href":"https:\/\/www.f2f2d.eu\/site\/wp-json\/wp\/v2\/media?parent=4137"}],"curies":[{"name":"wp","href":"https:\/\/api.w.org\/{rel}","templated":true}]}}